{"id":819,"date":"2022-07-23T19:13:01","date_gmt":"2022-07-24T02:13:01","guid":{"rendered":"http:\/\/alka4life.com\/?post_type=product&#038;p=819"},"modified":"2025-06-17T16:29:18","modified_gmt":"2025-06-17T23:29:18","slug":"alka-4-you-combo-max","status":"publish","type":"product","link":"https:\/\/alka4life.com\/es\/producto\/alka-4-you-combo-max\/","title":{"rendered":"ALKA COMBO MAX"},"content":{"rendered":"<div>\n<p>This system uses the highest quality catalytic granular coal in its first stage to remove unpleasant tastes and odors caused by chlorine or organic chemicals. Its careful selection of media removes pesticides, turbidity, and chloramine as compared to carbon systems which typically do not. The second stage softens the water to protect your plumbing and household appliances from scale buildup. This keeps your clothes soft and colors bright as well as your dishes and glassware free of hard water residue.<\/p>\n<p>This package includes the ALKA-77, the drinking Alkaline water system.<\/p>\n<\/div>\n<div>\n<p><em>Descargo de responsabilidad<\/em><br \/>\nLos contaminantes que pueden ser eliminados por nuestros sistemas de tratamiento de agua no se encuentran necesariamente en el agua. El mantenimiento operacional es esencial para que nuestros productos funcionan seg\u00fan lo anunciado. Los ahorros reales dependen de su uso real de los niveles.<\/p>\n<div><strong>GET THE ALKA COMBO MAX FOR AS LOW AS $109 A MONTH ON APPROVED CREDIT O% DOWN.<\/strong><\/div>\n<div><\/div>\n<div><strong>HAGA CLIC EN ESTE ENLACE, RELLENAR EL FORMULARIO Y ENVIAR AL CORREO ELECTR\u00d3NICO QUE APARECE PARA VER SI USTED CALIFICA\u00a0<\/strong><\/div>\n<\/div>\n<div><\/div>\n<div><a href=\"http:\/\/alka4life.com\/wp-content\/uploads\/2022\/08\/Creditformfronteditable-alka4L-2-1.pdf\"><span style=\"color: #3366ff;\">http:\/\/alka4life.com\/Creditformfronteditable-1.pdf<\/span><\/a><\/div>\n<div>\n<p>&nbsp;<\/p>\n<p>Si usted compra un sistema, por favor llame a la oficina para programar una cita para su<strong> Instalaci\u00f3n GRATIS <\/strong>(se aplican en Los \u00c1ngeles, San Diego, San Fernando, Orange,San Bernardino y Riverside Condado)<\/p>\n<\/div>\n<div><\/div>\n<div><\/div>\n<div>\n<div><em>Garant\u00eda<\/em><\/div>\n<div>Protector lleva una garant\u00eda limitada de 5 a\u00f1os a partir de la fecha de instalaci\u00f3n. Por favor nota: Si usted tiene alguna pregunta acerca de la garant\u00eda, por favor ll\u00e1menos para obtener m\u00e1s informaci\u00f3n.<\/div>\n<\/div>","protected":false},"excerpt":{"rendered":"<p>This system uses the highest quality catalytic granular coal in its first stage to remove unpleasant tastes and odors caused by chlorine or organic chemicals. Its careful selection of media removes pesticides, turbidity, and chloramine as compared to carbon systems which typically do not. The second stage softens the water to protect your plumbing and [&#8230;]\n","protected":false},"featured_media":1401,"comment_status":"open","ping_status":"closed","template":"","meta":[],"product_brand":[],"product_cat":[71,72],"product_tag":[],"class_list":{"0":"post-819","1":"product","2":"type-product","3":"status-publish","4":"has-post-thumbnail","6":"product_cat-alkaline-products","7":"product_cat-water-filters","9":"first","10":"instock","11":"shipping-taxable","12":"purchasable","13":"product-type-simple"},"yoast_head":"<!-- This site is optimized with the Yoast SEO plugin v27.4 - https:\/\/yoast.com\/product\/yoast-seo-wordpress\/ -->\n<title>ALKA COMBO MAX - ALKA 4-LIFE<\/title>\n<meta name=\"robots\" content=\"index, follow, max-snippet:-1, max-image-preview:large, max-video-preview:-1\" \/>\n<link rel=\"canonical\" href=\"https:\/\/alka4life.com\/es\/producto\/alka-4-you-combo-max\/\" \/>\n<meta property=\"og:locale\" content=\"es_MX\" \/>\n<meta property=\"og:type\" content=\"article\" \/>\n<meta property=\"og:title\" content=\"ALKA COMBO MAX - ALKA 4-LIFE\" \/>\n<meta property=\"og:description\" content=\"This system uses the highest quality catalytic granular coal in its first stage to remove unpleasant tastes and odors caused by chlorine or organic chemicals. Its careful selection of media removes pesticides, turbidity, and chloramine as compared to carbon systems which typically do not. The second stage softens the water to protect your plumbing and [...]\" \/>\n<meta property=\"og:url\" content=\"https:\/\/alka4life.com\/es\/producto\/alka-4-you-combo-max\/\" \/>\n<meta property=\"og:site_name\" content=\"ALKA 4-LIFE\" \/>\n<meta property=\"article:modified_time\" content=\"2025-06-17T23:29:18+00:00\" \/>\n<meta property=\"og:image\" content=\"https:\/\/alka4life.com\/wp-content\/uploads\/2022\/07\/4-1.jpg\" \/>\n\t<meta property=\"og:image:width\" content=\"1620\" \/>\n\t<meta property=\"og:image:height\" content=\"1620\" \/>\n\t<meta property=\"og:image:type\" content=\"image\/jpeg\" \/>\n<meta name=\"twitter:card\" content=\"summary_large_image\" \/>\n<meta name=\"twitter:label1\" content=\"Tiempo de lectura\" \/>\n\t<meta name=\"twitter:data1\" content=\"2 minutos\" \/>\n<script type=\"application\/ld+json\" class=\"yoast-schema-graph\">{\"@context\":\"https:\\\/\\\/schema.org\",\"@graph\":[{\"@type\":\"WebPage\",\"@id\":\"https:\\\/\\\/alka4life.com\\\/producto\\\/alka-4-you-combo-max\\\/\",\"url\":\"https:\\\/\\\/alka4life.com\\\/producto\\\/alka-4-you-combo-max\\\/\",\"name\":\"ALKA COMBO MAX - ALKA 4-LIFE\",\"isPartOf\":{\"@id\":\"https:\\\/\\\/alka4life.com\\\/#website\"},\"primaryImageOfPage\":{\"@id\":\"https:\\\/\\\/alka4life.com\\\/producto\\\/alka-4-you-combo-max\\\/#primaryimage\"},\"image\":{\"@id\":\"https:\\\/\\\/alka4life.com\\\/producto\\\/alka-4-you-combo-max\\\/#primaryimage\"},\"thumbnailUrl\":\"https:\\\/\\\/alka4life.com\\\/wp-content\\\/uploads\\\/2022\\\/07\\\/4-1.jpg\",\"datePublished\":\"2022-07-24T02:13:01+00:00\",\"dateModified\":\"2025-06-17T23:29:18+00:00\",\"breadcrumb\":{\"@id\":\"https:\\\/\\\/alka4life.com\\\/producto\\\/alka-4-you-combo-max\\\/#breadcrumb\"},\"inLanguage\":\"es\",\"potentialAction\":[{\"@type\":\"ReadAction\",\"target\":[\"https:\\\/\\\/alka4life.com\\\/producto\\\/alka-4-you-combo-max\\\/\"]}]},{\"@type\":\"ImageObject\",\"inLanguage\":\"es\",\"@id\":\"https:\\\/\\\/alka4life.com\\\/producto\\\/alka-4-you-combo-max\\\/#primaryimage\",\"url\":\"https:\\\/\\\/alka4life.com\\\/wp-content\\\/uploads\\\/2022\\\/07\\\/4-1.jpg\",\"contentUrl\":\"https:\\\/\\\/alka4life.com\\\/wp-content\\\/uploads\\\/2022\\\/07\\\/4-1.jpg\",\"width\":1620,\"height\":1620},{\"@type\":\"BreadcrumbList\",\"@id\":\"https:\\\/\\\/alka4life.com\\\/producto\\\/alka-4-you-combo-max\\\/#breadcrumb\",\"itemListElement\":[{\"@type\":\"ListItem\",\"position\":1,\"name\":\"Home\",\"item\":\"https:\\\/\\\/alka4life.com\\\/\"},{\"@type\":\"ListItem\",\"position\":2,\"name\":\"Shop\",\"item\":\"https:\\\/\\\/alka4life.com\\\/es\\\/shop\\\/\"},{\"@type\":\"ListItem\",\"position\":3,\"name\":\"ALKA COMBO MAX\"}]},{\"@type\":\"WebSite\",\"@id\":\"https:\\\/\\\/alka4life.com\\\/#website\",\"url\":\"https:\\\/\\\/alka4life.com\\\/\",\"name\":\"ALKA 4-LIFE IMPROVE YOUR LIFE\",\"description\":\"ALKALINE WATER SYSTEMS\",\"publisher\":{\"@id\":\"https:\\\/\\\/alka4life.com\\\/#organization\"},\"potentialAction\":[{\"@type\":\"SearchAction\",\"target\":{\"@type\":\"EntryPoint\",\"urlTemplate\":\"https:\\\/\\\/alka4life.com\\\/?s={search_term_string}\"},\"query-input\":{\"@type\":\"PropertyValueSpecification\",\"valueRequired\":true,\"valueName\":\"search_term_string\"}}],\"inLanguage\":\"es\"},{\"@type\":\"Organization\",\"@id\":\"https:\\\/\\\/alka4life.com\\\/#organization\",\"name\":\"ALKA 4-LIFE IMPROVE YOUR LIFE\",\"url\":\"https:\\\/\\\/alka4life.com\\\/\",\"logo\":{\"@type\":\"ImageObject\",\"inLanguage\":\"es\",\"@id\":\"https:\\\/\\\/alka4life.com\\\/#\\\/schema\\\/logo\\\/image\\\/\",\"url\":\"http:\\\/\\\/alka4life.com\\\/wp-content\\\/uploads\\\/2022\\\/06\\\/ALKA-4-LIFE-LOGO-web-333.png\",\"contentUrl\":\"http:\\\/\\\/alka4life.com\\\/wp-content\\\/uploads\\\/2022\\\/06\\\/ALKA-4-LIFE-LOGO-web-333.png\",\"width\":1338,\"height\":249,\"caption\":\"ALKA 4-LIFE IMPROVE YOUR LIFE\"},\"image\":{\"@id\":\"https:\\\/\\\/alka4life.com\\\/#\\\/schema\\\/logo\\\/image\\\/\"}}]}<\/script>\n<!-- \/ Yoast SEO plugin. -->","yoast_head_json":{"title":"ALKA COMBO MAX - ALKA 4-LIFE","robots":{"index":"index","follow":"follow","max-snippet":"max-snippet:-1","max-image-preview":"max-image-preview:large","max-video-preview":"max-video-preview:-1"},"canonical":"https:\/\/alka4life.com\/es\/producto\/alka-4-you-combo-max\/","og_locale":"es_MX","og_type":"article","og_title":"ALKA COMBO MAX - ALKA 4-LIFE","og_description":"This system uses the highest quality catalytic granular coal in its first stage to remove unpleasant tastes and odors caused by chlorine or organic chemicals. Its careful selection of media removes pesticides, turbidity, and chloramine as compared to carbon systems which typically do not. The second stage softens the water to protect your plumbing and [...]","og_url":"https:\/\/alka4life.com\/es\/producto\/alka-4-you-combo-max\/","og_site_name":"ALKA 4-LIFE","article_modified_time":"2025-06-17T23:29:18+00:00","og_image":[{"width":1620,"height":1620,"url":"https:\/\/alka4life.com\/wp-content\/uploads\/2022\/07\/4-1.jpg","type":"image\/jpeg"}],"twitter_card":"summary_large_image","twitter_misc":{"Tiempo de lectura":"2 minutos"},"schema":{"@context":"https:\/\/schema.org","@graph":[{"@type":"WebPage","@id":"https:\/\/alka4life.com\/producto\/alka-4-you-combo-max\/","url":"https:\/\/alka4life.com\/producto\/alka-4-you-combo-max\/","name":"ALKA COMBO MAX - ALKA 4-LIFE","isPartOf":{"@id":"https:\/\/alka4life.com\/#website"},"primaryImageOfPage":{"@id":"https:\/\/alka4life.com\/producto\/alka-4-you-combo-max\/#primaryimage"},"image":{"@id":"https:\/\/alka4life.com\/producto\/alka-4-you-combo-max\/#primaryimage"},"thumbnailUrl":"https:\/\/alka4life.com\/wp-content\/uploads\/2022\/07\/4-1.jpg","datePublished":"2022-07-24T02:13:01+00:00","dateModified":"2025-06-17T23:29:18+00:00","breadcrumb":{"@id":"https:\/\/alka4life.com\/producto\/alka-4-you-combo-max\/#breadcrumb"},"inLanguage":"es","potentialAction":[{"@type":"ReadAction","target":["https:\/\/alka4life.com\/producto\/alka-4-you-combo-max\/"]}]},{"@type":"ImageObject","inLanguage":"es","@id":"https:\/\/alka4life.com\/producto\/alka-4-you-combo-max\/#primaryimage","url":"https:\/\/alka4life.com\/wp-content\/uploads\/2022\/07\/4-1.jpg","contentUrl":"https:\/\/alka4life.com\/wp-content\/uploads\/2022\/07\/4-1.jpg","width":1620,"height":1620},{"@type":"BreadcrumbList","@id":"https:\/\/alka4life.com\/producto\/alka-4-you-combo-max\/#breadcrumb","itemListElement":[{"@type":"ListItem","position":1,"name":"Home","item":"https:\/\/alka4life.com\/"},{"@type":"ListItem","position":2,"name":"Shop","item":"https:\/\/alka4life.com\/es\/shop\/"},{"@type":"ListItem","position":3,"name":"ALKA COMBO MAX"}]},{"@type":"WebSite","@id":"https:\/\/alka4life.com\/#website","url":"https:\/\/alka4life.com\/","name":"ALKA 4-LIFE IMPROVE YOUR LIFE","description":"ALKALINE WATER SYSTEMS","publisher":{"@id":"https:\/\/alka4life.com\/#organization"},"potentialAction":[{"@type":"SearchAction","target":{"@type":"EntryPoint","urlTemplate":"https:\/\/alka4life.com\/?s={search_term_string}"},"query-input":{"@type":"PropertyValueSpecification","valueRequired":true,"valueName":"search_term_string"}}],"inLanguage":"es"},{"@type":"Organization","@id":"https:\/\/alka4life.com\/#organization","name":"ALKA 4-LIFE IMPROVE YOUR LIFE","url":"https:\/\/alka4life.com\/","logo":{"@type":"ImageObject","inLanguage":"es","@id":"https:\/\/alka4life.com\/#\/schema\/logo\/image\/","url":"http:\/\/alka4life.com\/wp-content\/uploads\/2022\/06\/ALKA-4-LIFE-LOGO-web-333.png","contentUrl":"http:\/\/alka4life.com\/wp-content\/uploads\/2022\/06\/ALKA-4-LIFE-LOGO-web-333.png","width":1338,"height":249,"caption":"ALKA 4-LIFE IMPROVE YOUR LIFE"},"image":{"@id":"https:\/\/alka4life.com\/#\/schema\/logo\/image\/"}}]}},"jetpack_sharing_enabled":true,"_links":{"self":[{"href":"https:\/\/alka4life.com\/es\/wp-json\/wp\/v2\/product\/819","targetHints":{"allow":["GET"]}}],"collection":[{"href":"https:\/\/alka4life.com\/es\/wp-json\/wp\/v2\/product"}],"about":[{"href":"https:\/\/alka4life.com\/es\/wp-json\/wp\/v2\/types\/product"}],"replies":[{"embeddable":true,"href":"https:\/\/alka4life.com\/es\/wp-json\/wp\/v2\/comments?post=819"}],"wp:featuredmedia":[{"embeddable":true,"href":"https:\/\/alka4life.com\/es\/wp-json\/wp\/v2\/media\/1401"}],"wp:attachment":[{"href":"https:\/\/alka4life.com\/es\/wp-json\/wp\/v2\/media?parent=819"}],"wp:term":[{"taxonomy":"product_brand","embeddable":true,"href":"https:\/\/alka4life.com\/es\/wp-json\/wp\/v2\/product_brand?post=819"},{"taxonomy":"product_cat","embeddable":true,"href":"https:\/\/alka4life.com\/es\/wp-json\/wp\/v2\/product_cat?post=819"},{"taxonomy":"product_tag","embeddable":true,"href":"https:\/\/alka4life.com\/es\/wp-json\/wp\/v2\/product_tag?post=819"}],"curies":[{"name":"wp","href":"https:\/\/api.w.org\/{rel}","templated":true}]}}