{"id":658,"date":"2022-07-05T15:12:32","date_gmt":"2022-07-05T22:12:32","guid":{"rendered":"http:\/\/alka4life.com\/?post_type=product&#038;p=658"},"modified":"2025-06-17T16:29:18","modified_gmt":"2025-06-17T23:29:18","slug":"replacement-alka4-helth","status":"publish","type":"product","link":"https:\/\/alka4life.com\/es\/producto\/replacement-alka4-helth\/","title":{"rendered":"ALKA 4-HELTH (Replacement Cartridges)"},"content":{"rendered":"<div>\n<p>Replacement Cartridges for ALKA4-HELTH<\/p>\n<p>It is recommended to replace your cartridges every year to obtain the best quality in water.<\/p>\n<\/div>\n<div>\n<p><em>Descargo de responsabilidad<\/em><\/p>\n<p>Estaremos encantados de aceptar devoluciones y\/o cambios en un abrir y sin usar los sistemas dentro de los 10 d\u00edas a partir de la fecha de compra con un N\u00famero de Autorizaci\u00f3n de Devoluci\u00f3n (RAN).<\/p>\n<\/div>","protected":false},"excerpt":{"rendered":"<p>Replacement Cartridges for ALKA4-HELTH It is recommended to replace your cartridges every year to obtain the best quality in water. Disclaimer We gladly accept returns and\/or exchanges on un-opened and un-used systems within 10 days from the purchase date with a Return Authorization Number (RAN).<\/p>","protected":false},"featured_media":659,"comment_status":"open","ping_status":"closed","template":"","meta":[],"product_brand":[],"product_cat":[73],"product_tag":[],"class_list":{"0":"post-658","1":"product","2":"type-product","3":"status-publish","4":"has-post-thumbnail","6":"product_cat-faucets-cartridges","8":"first","9":"instock","10":"shipping-taxable","11":"purchasable","12":"product-type-simple"},"yoast_head":"<!-- This site is optimized with the Yoast SEO plugin v27.2 - https:\/\/yoast.com\/product\/yoast-seo-wordpress\/ -->\n<title>ALKA 4-HELTH (Replacement Cartridges) - ALKA 4-LIFE<\/title>\n<meta name=\"robots\" content=\"index, follow, max-snippet:-1, max-image-preview:large, max-video-preview:-1\" \/>\n<link rel=\"canonical\" href=\"https:\/\/alka4life.com\/es\/producto\/replacement-alka4-helth\/\" \/>\n<meta property=\"og:locale\" content=\"es_MX\" \/>\n<meta property=\"og:type\" content=\"article\" \/>\n<meta property=\"og:title\" content=\"ALKA 4-HELTH (Replacement Cartridges) - ALKA 4-LIFE\" \/>\n<meta property=\"og:description\" content=\"Replacement Cartridges for ALKA4-HELTH It is recommended to replace your cartridges every year to obtain the best quality in water. Disclaimer We gladly accept returns and\/or exchanges on un-opened and un-used systems within 10 days from the purchase date with a Return Authorization Number (RAN).\" \/>\n<meta property=\"og:url\" content=\"https:\/\/alka4life.com\/es\/producto\/replacement-alka4-helth\/\" \/>\n<meta property=\"og:site_name\" content=\"ALKA 4-LIFE\" \/>\n<meta property=\"article:modified_time\" content=\"2025-06-17T23:29:18+00:00\" \/>\n<meta property=\"og:image\" content=\"https:\/\/alka4life.com\/wp-content\/uploads\/2022\/07\/Muli-n-Carbon_KDF_1024x1024@2x.jpg\" \/>\n\t<meta property=\"og:image:width\" content=\"2048\" \/>\n\t<meta property=\"og:image:height\" content=\"2048\" \/>\n\t<meta property=\"og:image:type\" content=\"image\/jpeg\" \/>\n<meta name=\"twitter:card\" content=\"summary_large_image\" \/>\n<script type=\"application\/ld+json\" class=\"yoast-schema-graph\">{\"@context\":\"https:\/\/schema.org\",\"@graph\":[{\"@type\":\"WebPage\",\"@id\":\"https:\/\/alka4life.com\/producto\/replacement-alka4-helth\/\",\"url\":\"https:\/\/alka4life.com\/producto\/replacement-alka4-helth\/\",\"name\":\"ALKA 4-HELTH (Replacement Cartridges) - ALKA 4-LIFE\",\"isPartOf\":{\"@id\":\"https:\/\/alka4life.com\/#website\"},\"primaryImageOfPage\":{\"@id\":\"https:\/\/alka4life.com\/producto\/replacement-alka4-helth\/#primaryimage\"},\"image\":{\"@id\":\"https:\/\/alka4life.com\/producto\/replacement-alka4-helth\/#primaryimage\"},\"thumbnailUrl\":\"https:\/\/alka4life.com\/wp-content\/uploads\/2022\/07\/Muli-n-Carbon_KDF_1024x1024@2x.jpg\",\"datePublished\":\"2022-07-05T22:12:32+00:00\",\"dateModified\":\"2025-06-17T23:29:18+00:00\",\"breadcrumb\":{\"@id\":\"https:\/\/alka4life.com\/producto\/replacement-alka4-helth\/#breadcrumb\"},\"inLanguage\":\"es\",\"potentialAction\":[{\"@type\":\"ReadAction\",\"target\":[\"https:\/\/alka4life.com\/producto\/replacement-alka4-helth\/\"]}]},{\"@type\":\"ImageObject\",\"inLanguage\":\"es\",\"@id\":\"https:\/\/alka4life.com\/producto\/replacement-alka4-helth\/#primaryimage\",\"url\":\"https:\/\/alka4life.com\/wp-content\/uploads\/2022\/07\/Muli-n-Carbon_KDF_1024x1024@2x.jpg\",\"contentUrl\":\"https:\/\/alka4life.com\/wp-content\/uploads\/2022\/07\/Muli-n-Carbon_KDF_1024x1024@2x.jpg\",\"width\":2048,\"height\":2048},{\"@type\":\"BreadcrumbList\",\"@id\":\"https:\/\/alka4life.com\/producto\/replacement-alka4-helth\/#breadcrumb\",\"itemListElement\":[{\"@type\":\"ListItem\",\"position\":1,\"name\":\"Home\",\"item\":\"https:\/\/alka4life.com\/\"},{\"@type\":\"ListItem\",\"position\":2,\"name\":\"Shop\",\"item\":\"https:\/\/alka4life.com\/es\/shop\/\"},{\"@type\":\"ListItem\",\"position\":3,\"name\":\"ALKA 4-HELTH (Replacement Cartridges)\"}]},{\"@type\":\"WebSite\",\"@id\":\"https:\/\/alka4life.com\/#website\",\"url\":\"https:\/\/alka4life.com\/\",\"name\":\"ALKA 4-LIFE IMPROVE YOUR LIFE\",\"description\":\"ALKALINE WATER SYSTEMS\",\"publisher\":{\"@id\":\"https:\/\/alka4life.com\/#organization\"},\"potentialAction\":[{\"@type\":\"SearchAction\",\"target\":{\"@type\":\"EntryPoint\",\"urlTemplate\":\"https:\/\/alka4life.com\/?s={search_term_string}\"},\"query-input\":{\"@type\":\"PropertyValueSpecification\",\"valueRequired\":true,\"valueName\":\"search_term_string\"}}],\"inLanguage\":\"es\"},{\"@type\":\"Organization\",\"@id\":\"https:\/\/alka4life.com\/#organization\",\"name\":\"ALKA 4-LIFE IMPROVE YOUR LIFE\",\"url\":\"https:\/\/alka4life.com\/\",\"logo\":{\"@type\":\"ImageObject\",\"inLanguage\":\"es\",\"@id\":\"https:\/\/alka4life.com\/#\/schema\/logo\/image\/\",\"url\":\"http:\/\/alka4life.com\/wp-content\/uploads\/2022\/06\/ALKA-4-LIFE-LOGO-web-333.png\",\"contentUrl\":\"http:\/\/alka4life.com\/wp-content\/uploads\/2022\/06\/ALKA-4-LIFE-LOGO-web-333.png\",\"width\":1338,\"height\":249,\"caption\":\"ALKA 4-LIFE IMPROVE YOUR LIFE\"},\"image\":{\"@id\":\"https:\/\/alka4life.com\/#\/schema\/logo\/image\/\"}}]}<\/script>\n<!-- \/ Yoast SEO plugin. -->","yoast_head_json":{"title":"ALKA 4-HELTH (Replacement Cartridges) - ALKA 4-LIFE","robots":{"index":"index","follow":"follow","max-snippet":"max-snippet:-1","max-image-preview":"max-image-preview:large","max-video-preview":"max-video-preview:-1"},"canonical":"https:\/\/alka4life.com\/es\/producto\/replacement-alka4-helth\/","og_locale":"es_MX","og_type":"article","og_title":"ALKA 4-HELTH (Replacement Cartridges) - ALKA 4-LIFE","og_description":"Replacement Cartridges for ALKA4-HELTH It is recommended to replace your cartridges every year to obtain the best quality in water. Disclaimer We gladly accept returns and\/or exchanges on un-opened and un-used systems within 10 days from the purchase date with a Return Authorization Number (RAN).","og_url":"https:\/\/alka4life.com\/es\/producto\/replacement-alka4-helth\/","og_site_name":"ALKA 4-LIFE","article_modified_time":"2025-06-17T23:29:18+00:00","og_image":[{"width":2048,"height":2048,"url":"https:\/\/alka4life.com\/wp-content\/uploads\/2022\/07\/Muli-n-Carbon_KDF_1024x1024@2x.jpg","type":"image\/jpeg"}],"twitter_card":"summary_large_image","schema":{"@context":"https:\/\/schema.org","@graph":[{"@type":"WebPage","@id":"https:\/\/alka4life.com\/producto\/replacement-alka4-helth\/","url":"https:\/\/alka4life.com\/producto\/replacement-alka4-helth\/","name":"ALKA 4-HELTH (Replacement Cartridges) - ALKA 4-LIFE","isPartOf":{"@id":"https:\/\/alka4life.com\/#website"},"primaryImageOfPage":{"@id":"https:\/\/alka4life.com\/producto\/replacement-alka4-helth\/#primaryimage"},"image":{"@id":"https:\/\/alka4life.com\/producto\/replacement-alka4-helth\/#primaryimage"},"thumbnailUrl":"https:\/\/alka4life.com\/wp-content\/uploads\/2022\/07\/Muli-n-Carbon_KDF_1024x1024@2x.jpg","datePublished":"2022-07-05T22:12:32+00:00","dateModified":"2025-06-17T23:29:18+00:00","breadcrumb":{"@id":"https:\/\/alka4life.com\/producto\/replacement-alka4-helth\/#breadcrumb"},"inLanguage":"es","potentialAction":[{"@type":"ReadAction","target":["https:\/\/alka4life.com\/producto\/replacement-alka4-helth\/"]}]},{"@type":"ImageObject","inLanguage":"es","@id":"https:\/\/alka4life.com\/producto\/replacement-alka4-helth\/#primaryimage","url":"https:\/\/alka4life.com\/wp-content\/uploads\/2022\/07\/Muli-n-Carbon_KDF_1024x1024@2x.jpg","contentUrl":"https:\/\/alka4life.com\/wp-content\/uploads\/2022\/07\/Muli-n-Carbon_KDF_1024x1024@2x.jpg","width":2048,"height":2048},{"@type":"BreadcrumbList","@id":"https:\/\/alka4life.com\/producto\/replacement-alka4-helth\/#breadcrumb","itemListElement":[{"@type":"ListItem","position":1,"name":"Home","item":"https:\/\/alka4life.com\/"},{"@type":"ListItem","position":2,"name":"Shop","item":"https:\/\/alka4life.com\/es\/shop\/"},{"@type":"ListItem","position":3,"name":"ALKA 4-HELTH (Replacement Cartridges)"}]},{"@type":"WebSite","@id":"https:\/\/alka4life.com\/#website","url":"https:\/\/alka4life.com\/","name":"ALKA 4-LIFE IMPROVE YOUR LIFE","description":"ALKALINE WATER SYSTEMS","publisher":{"@id":"https:\/\/alka4life.com\/#organization"},"potentialAction":[{"@type":"SearchAction","target":{"@type":"EntryPoint","urlTemplate":"https:\/\/alka4life.com\/?s={search_term_string}"},"query-input":{"@type":"PropertyValueSpecification","valueRequired":true,"valueName":"search_term_string"}}],"inLanguage":"es"},{"@type":"Organization","@id":"https:\/\/alka4life.com\/#organization","name":"ALKA 4-LIFE IMPROVE YOUR LIFE","url":"https:\/\/alka4life.com\/","logo":{"@type":"ImageObject","inLanguage":"es","@id":"https:\/\/alka4life.com\/#\/schema\/logo\/image\/","url":"http:\/\/alka4life.com\/wp-content\/uploads\/2022\/06\/ALKA-4-LIFE-LOGO-web-333.png","contentUrl":"http:\/\/alka4life.com\/wp-content\/uploads\/2022\/06\/ALKA-4-LIFE-LOGO-web-333.png","width":1338,"height":249,"caption":"ALKA 4-LIFE IMPROVE YOUR LIFE"},"image":{"@id":"https:\/\/alka4life.com\/#\/schema\/logo\/image\/"}}]}},"jetpack_sharing_enabled":true,"_links":{"self":[{"href":"https:\/\/alka4life.com\/es\/wp-json\/wp\/v2\/product\/658","targetHints":{"allow":["GET"]}}],"collection":[{"href":"https:\/\/alka4life.com\/es\/wp-json\/wp\/v2\/product"}],"about":[{"href":"https:\/\/alka4life.com\/es\/wp-json\/wp\/v2\/types\/product"}],"replies":[{"embeddable":true,"href":"https:\/\/alka4life.com\/es\/wp-json\/wp\/v2\/comments?post=658"}],"wp:featuredmedia":[{"embeddable":true,"href":"https:\/\/alka4life.com\/es\/wp-json\/wp\/v2\/media\/659"}],"wp:attachment":[{"href":"https:\/\/alka4life.com\/es\/wp-json\/wp\/v2\/media?parent=658"}],"wp:term":[{"taxonomy":"product_brand","embeddable":true,"href":"https:\/\/alka4life.com\/es\/wp-json\/wp\/v2\/product_brand?post=658"},{"taxonomy":"product_cat","embeddable":true,"href":"https:\/\/alka4life.com\/es\/wp-json\/wp\/v2\/product_cat?post=658"},{"taxonomy":"product_tag","embeddable":true,"href":"https:\/\/alka4life.com\/es\/wp-json\/wp\/v2\/product_tag?post=658"}],"curies":[{"name":"wp","href":"https:\/\/api.w.org\/{rel}","templated":true}]}}