{"id":644,"date":"2022-07-05T14:11:33","date_gmt":"2022-07-05T21:11:33","guid":{"rendered":"http:\/\/alka4life.com\/?post_type=product&#038;p=644"},"modified":"2023-01-19T08:49:57","modified_gmt":"2023-01-19T16:49:57","slug":"2022r-faucet","status":"publish","type":"product","link":"https:\/\/alka4life.com\/es\/producto\/2022r-faucet\/","title":{"rendered":"FAUCET 2022RV"},"content":{"rendered":"<div>The 2011 faucet is one of our custom designed faucets with an Arc Spout that is typically used with under the sink filtration units. This faucet comes with our Washer Set and is made with lead free brass, non air gap<\/div>\n<div>As a leading manufacturer of water filtration systems and related accessories, our faucet fixture has unparalleled quality and a uniquely innovative design that allows for the option of either hot\/cold, or filtered\/alkaline water to be dispensed, it is lead-free brass and non-airgap<\/div>\n<div>\n<p><em>Descargo de responsabilidad<\/em><br \/>\nLos contaminantes que pueden ser eliminados por nuestros sistemas de tratamiento de agua no se encuentran necesariamente en el agua. El mantenimiento operacional es esencial para que nuestros productos funcionan seg\u00fan lo anunciado. Los ahorros reales dependen de su uso real de los niveles.<\/p>\n<p>Estaremos encantados de aceptar devoluciones y\/o cambios en un abrir y sin usar los sistemas dentro de los 10 d\u00edas a partir de la fecha de compra con un N\u00famero de Autorizaci\u00f3n de Devoluci\u00f3n (RAN).<br \/>\nPlease call <strong><a href=\"http:\/\/&lt;a href=&quot;tel:+9517042192&quot;&gt;Anchor text&lt;\/a&gt;\">(951)-704-2192<\/a><\/strong> if there is an issue.<\/p>\n<\/div>","protected":false},"excerpt":{"rendered":"<p>The 2011 faucet is one of our custom designed faucets with an Arc Spout that is typically used with under the sink filtration units. This faucet comes with our Washer Set and is made with lead free brass, non air gap As a leading manufacturer of water filtration systems and related accessories, our faucet fixture [&#8230;]\n","protected":false},"featured_media":645,"comment_status":"open","ping_status":"closed","template":"","meta":[],"product_brand":[],"product_cat":[73],"product_tag":[],"class_list":{"0":"post-644","1":"product","2":"type-product","3":"status-publish","4":"has-post-thumbnail","6":"product_cat-faucets-cartridges","8":"first","9":"instock","10":"shipping-taxable","11":"purchasable","12":"product-type-simple"},"yoast_head":"<!-- This site is optimized with the Yoast SEO plugin v27.2 - https:\/\/yoast.com\/product\/yoast-seo-wordpress\/ -->\n<title>FAUCET 2022RV - ALKA 4-LIFE<\/title>\n<meta name=\"robots\" content=\"index, follow, max-snippet:-1, max-image-preview:large, max-video-preview:-1\" \/>\n<link rel=\"canonical\" href=\"https:\/\/alka4life.com\/es\/producto\/2022r-faucet\/\" \/>\n<meta property=\"og:locale\" content=\"es_MX\" \/>\n<meta property=\"og:type\" content=\"article\" \/>\n<meta property=\"og:title\" content=\"FAUCET 2022RV - ALKA 4-LIFE\" \/>\n<meta property=\"og:description\" content=\"The 2011 faucet is one of our custom designed faucets with an Arc Spout that is typically used with under the sink filtration units. This faucet comes with our Washer Set and is made with lead free brass, non air gap As a leading manufacturer of water filtration systems and related accessories, our faucet fixture [...]\" \/>\n<meta property=\"og:url\" content=\"https:\/\/alka4life.com\/es\/producto\/2022r-faucet\/\" \/>\n<meta property=\"og:site_name\" content=\"ALKA 4-LIFE\" \/>\n<meta property=\"article:modified_time\" content=\"2023-01-19T16:49:57+00:00\" \/>\n<meta property=\"og:image\" content=\"https:\/\/alka4life.com\/wp-content\/uploads\/2022\/07\/2011D_1024x1024@2x.jpg\" \/>\n\t<meta property=\"og:image:width\" content=\"2048\" \/>\n\t<meta property=\"og:image:height\" content=\"2048\" \/>\n\t<meta property=\"og:image:type\" content=\"image\/jpeg\" \/>\n<meta name=\"twitter:card\" content=\"summary_large_image\" \/>\n<meta name=\"twitter:label1\" content=\"Tiempo de lectura\" \/>\n\t<meta name=\"twitter:data1\" content=\"1 minuto\" \/>\n<script type=\"application\/ld+json\" class=\"yoast-schema-graph\">{\"@context\":\"https:\/\/schema.org\",\"@graph\":[{\"@type\":\"WebPage\",\"@id\":\"https:\/\/alka4life.com\/producto\/2022r-faucet\/\",\"url\":\"https:\/\/alka4life.com\/producto\/2022r-faucet\/\",\"name\":\"FAUCET 2022RV - ALKA 4-LIFE\",\"isPartOf\":{\"@id\":\"https:\/\/alka4life.com\/#website\"},\"primaryImageOfPage\":{\"@id\":\"https:\/\/alka4life.com\/producto\/2022r-faucet\/#primaryimage\"},\"image\":{\"@id\":\"https:\/\/alka4life.com\/producto\/2022r-faucet\/#primaryimage\"},\"thumbnailUrl\":\"https:\/\/alka4life.com\/wp-content\/uploads\/2022\/07\/2011D_1024x1024@2x.jpg\",\"datePublished\":\"2022-07-05T21:11:33+00:00\",\"dateModified\":\"2023-01-19T16:49:57+00:00\",\"breadcrumb\":{\"@id\":\"https:\/\/alka4life.com\/producto\/2022r-faucet\/#breadcrumb\"},\"inLanguage\":\"es\",\"potentialAction\":[{\"@type\":\"ReadAction\",\"target\":[\"https:\/\/alka4life.com\/producto\/2022r-faucet\/\"]}]},{\"@type\":\"ImageObject\",\"inLanguage\":\"es\",\"@id\":\"https:\/\/alka4life.com\/producto\/2022r-faucet\/#primaryimage\",\"url\":\"https:\/\/alka4life.com\/wp-content\/uploads\/2022\/07\/2011D_1024x1024@2x.jpg\",\"contentUrl\":\"https:\/\/alka4life.com\/wp-content\/uploads\/2022\/07\/2011D_1024x1024@2x.jpg\",\"width\":2048,\"height\":2048},{\"@type\":\"BreadcrumbList\",\"@id\":\"https:\/\/alka4life.com\/producto\/2022r-faucet\/#breadcrumb\",\"itemListElement\":[{\"@type\":\"ListItem\",\"position\":1,\"name\":\"Home\",\"item\":\"https:\/\/alka4life.com\/\"},{\"@type\":\"ListItem\",\"position\":2,\"name\":\"Shop\",\"item\":\"https:\/\/alka4life.com\/es\/shop\/\"},{\"@type\":\"ListItem\",\"position\":3,\"name\":\"FAUCET 2022RV\"}]},{\"@type\":\"WebSite\",\"@id\":\"https:\/\/alka4life.com\/#website\",\"url\":\"https:\/\/alka4life.com\/\",\"name\":\"ALKA 4-LIFE IMPROVE YOUR LIFE\",\"description\":\"ALKALINE WATER SYSTEMS\",\"publisher\":{\"@id\":\"https:\/\/alka4life.com\/#organization\"},\"potentialAction\":[{\"@type\":\"SearchAction\",\"target\":{\"@type\":\"EntryPoint\",\"urlTemplate\":\"https:\/\/alka4life.com\/?s={search_term_string}\"},\"query-input\":{\"@type\":\"PropertyValueSpecification\",\"valueRequired\":true,\"valueName\":\"search_term_string\"}}],\"inLanguage\":\"es\"},{\"@type\":\"Organization\",\"@id\":\"https:\/\/alka4life.com\/#organization\",\"name\":\"ALKA 4-LIFE IMPROVE YOUR LIFE\",\"url\":\"https:\/\/alka4life.com\/\",\"logo\":{\"@type\":\"ImageObject\",\"inLanguage\":\"es\",\"@id\":\"https:\/\/alka4life.com\/#\/schema\/logo\/image\/\",\"url\":\"http:\/\/alka4life.com\/wp-content\/uploads\/2022\/06\/ALKA-4-LIFE-LOGO-web-333.png\",\"contentUrl\":\"http:\/\/alka4life.com\/wp-content\/uploads\/2022\/06\/ALKA-4-LIFE-LOGO-web-333.png\",\"width\":1338,\"height\":249,\"caption\":\"ALKA 4-LIFE IMPROVE YOUR LIFE\"},\"image\":{\"@id\":\"https:\/\/alka4life.com\/#\/schema\/logo\/image\/\"}}]}<\/script>\n<!-- \/ Yoast SEO plugin. -->","yoast_head_json":{"title":"FAUCET 2022RV - ALKA 4-LIFE","robots":{"index":"index","follow":"follow","max-snippet":"max-snippet:-1","max-image-preview":"max-image-preview:large","max-video-preview":"max-video-preview:-1"},"canonical":"https:\/\/alka4life.com\/es\/producto\/2022r-faucet\/","og_locale":"es_MX","og_type":"article","og_title":"FAUCET 2022RV - ALKA 4-LIFE","og_description":"The 2011 faucet is one of our custom designed faucets with an Arc Spout that is typically used with under the sink filtration units. This faucet comes with our Washer Set and is made with lead free brass, non air gap As a leading manufacturer of water filtration systems and related accessories, our faucet fixture [...]","og_url":"https:\/\/alka4life.com\/es\/producto\/2022r-faucet\/","og_site_name":"ALKA 4-LIFE","article_modified_time":"2023-01-19T16:49:57+00:00","og_image":[{"width":2048,"height":2048,"url":"https:\/\/alka4life.com\/wp-content\/uploads\/2022\/07\/2011D_1024x1024@2x.jpg","type":"image\/jpeg"}],"twitter_card":"summary_large_image","twitter_misc":{"Tiempo de lectura":"1 minuto"},"schema":{"@context":"https:\/\/schema.org","@graph":[{"@type":"WebPage","@id":"https:\/\/alka4life.com\/producto\/2022r-faucet\/","url":"https:\/\/alka4life.com\/producto\/2022r-faucet\/","name":"FAUCET 2022RV - ALKA 4-LIFE","isPartOf":{"@id":"https:\/\/alka4life.com\/#website"},"primaryImageOfPage":{"@id":"https:\/\/alka4life.com\/producto\/2022r-faucet\/#primaryimage"},"image":{"@id":"https:\/\/alka4life.com\/producto\/2022r-faucet\/#primaryimage"},"thumbnailUrl":"https:\/\/alka4life.com\/wp-content\/uploads\/2022\/07\/2011D_1024x1024@2x.jpg","datePublished":"2022-07-05T21:11:33+00:00","dateModified":"2023-01-19T16:49:57+00:00","breadcrumb":{"@id":"https:\/\/alka4life.com\/producto\/2022r-faucet\/#breadcrumb"},"inLanguage":"es","potentialAction":[{"@type":"ReadAction","target":["https:\/\/alka4life.com\/producto\/2022r-faucet\/"]}]},{"@type":"ImageObject","inLanguage":"es","@id":"https:\/\/alka4life.com\/producto\/2022r-faucet\/#primaryimage","url":"https:\/\/alka4life.com\/wp-content\/uploads\/2022\/07\/2011D_1024x1024@2x.jpg","contentUrl":"https:\/\/alka4life.com\/wp-content\/uploads\/2022\/07\/2011D_1024x1024@2x.jpg","width":2048,"height":2048},{"@type":"BreadcrumbList","@id":"https:\/\/alka4life.com\/producto\/2022r-faucet\/#breadcrumb","itemListElement":[{"@type":"ListItem","position":1,"name":"Home","item":"https:\/\/alka4life.com\/"},{"@type":"ListItem","position":2,"name":"Shop","item":"https:\/\/alka4life.com\/es\/shop\/"},{"@type":"ListItem","position":3,"name":"FAUCET 2022RV"}]},{"@type":"WebSite","@id":"https:\/\/alka4life.com\/#website","url":"https:\/\/alka4life.com\/","name":"ALKA 4-LIFE IMPROVE YOUR LIFE","description":"ALKALINE WATER SYSTEMS","publisher":{"@id":"https:\/\/alka4life.com\/#organization"},"potentialAction":[{"@type":"SearchAction","target":{"@type":"EntryPoint","urlTemplate":"https:\/\/alka4life.com\/?s={search_term_string}"},"query-input":{"@type":"PropertyValueSpecification","valueRequired":true,"valueName":"search_term_string"}}],"inLanguage":"es"},{"@type":"Organization","@id":"https:\/\/alka4life.com\/#organization","name":"ALKA 4-LIFE IMPROVE YOUR LIFE","url":"https:\/\/alka4life.com\/","logo":{"@type":"ImageObject","inLanguage":"es","@id":"https:\/\/alka4life.com\/#\/schema\/logo\/image\/","url":"http:\/\/alka4life.com\/wp-content\/uploads\/2022\/06\/ALKA-4-LIFE-LOGO-web-333.png","contentUrl":"http:\/\/alka4life.com\/wp-content\/uploads\/2022\/06\/ALKA-4-LIFE-LOGO-web-333.png","width":1338,"height":249,"caption":"ALKA 4-LIFE IMPROVE YOUR LIFE"},"image":{"@id":"https:\/\/alka4life.com\/#\/schema\/logo\/image\/"}}]}},"jetpack_sharing_enabled":true,"_links":{"self":[{"href":"https:\/\/alka4life.com\/es\/wp-json\/wp\/v2\/product\/644","targetHints":{"allow":["GET"]}}],"collection":[{"href":"https:\/\/alka4life.com\/es\/wp-json\/wp\/v2\/product"}],"about":[{"href":"https:\/\/alka4life.com\/es\/wp-json\/wp\/v2\/types\/product"}],"replies":[{"embeddable":true,"href":"https:\/\/alka4life.com\/es\/wp-json\/wp\/v2\/comments?post=644"}],"wp:featuredmedia":[{"embeddable":true,"href":"https:\/\/alka4life.com\/es\/wp-json\/wp\/v2\/media\/645"}],"wp:attachment":[{"href":"https:\/\/alka4life.com\/es\/wp-json\/wp\/v2\/media?parent=644"}],"wp:term":[{"taxonomy":"product_brand","embeddable":true,"href":"https:\/\/alka4life.com\/es\/wp-json\/wp\/v2\/product_brand?post=644"},{"taxonomy":"product_cat","embeddable":true,"href":"https:\/\/alka4life.com\/es\/wp-json\/wp\/v2\/product_cat?post=644"},{"taxonomy":"product_tag","embeddable":true,"href":"https:\/\/alka4life.com\/es\/wp-json\/wp\/v2\/product_tag?post=644"}],"curies":[{"name":"wp","href":"https:\/\/api.w.org\/{rel}","templated":true}]}}