{"id":569,"date":"2022-06-13T21:43:14","date_gmt":"2022-06-14T04:43:14","guid":{"rendered":"http:\/\/alka4life.com\/?post_type=product&#038;p=569"},"modified":"2025-04-30T15:43:34","modified_gmt":"2025-04-30T22:43:34","slug":"alka-combo","status":"publish","type":"product","link":"https:\/\/alka4life.com\/es\/producto\/alka-combo\/","title":{"rendered":"ALKA COMBO"},"content":{"rendered":"<div>\n<p><b>ALKA COMBO<\/b> toda la casa filtro de agua de las condiciones de agua a una calidad superior.Este ahorro de costes del sistema utiliza el mismo proceso natural utilizado por nuestro planeta, pero, nos permite seleccionar cuidadosamente el material de impresi\u00f3n adecuado para filtrar la suciedad y productos qu\u00edmicos nocivos fuera de nuestra agua.<\/p>\n<p>La experiencia de la diferencia de agua limpia sin molestos residuos dejados por los dep\u00f3sitos de agua dura. Reducir la obstrucci\u00f3n y corrosi\u00f3n de tuber\u00edas, causada por contaminado el agua dura que se utiliza normalmente en los hogares.<\/p>\n<p>Aliviar la carga de los gastos innecesarios en la eliminaci\u00f3n de la escala de los productos, la crema Hidratante de productos, el detergente, y el tubo de reparaciones. Desde los medios de comunicaci\u00f3n s\u00f3lo debe ser reemplazado cada 1-2 a\u00f1os, es seguro decir que el dinero que se ahorra con este sistema por s\u00ed mismo en ning\u00fan momento.<\/p>\n<p><em>Este sistema utiliza\u00a0<\/em><br \/>\n<strong>La regeneraci\u00f3n<\/strong><br \/>\nProporciona hasta un 50 % de ahorro de potasio o de agua y sal<\/p>\n<p><strong>Activar El Carb\u00f3n De Le\u00f1a\u00a0<\/strong><br \/>\nCarb\u00f3n impregnado medios de comunicaci\u00f3n, que es bacteriost\u00e1tico, reduce los gustos y los olores asociados con el cloro y la cloramina , e inhibe el crecimiento de bacterias en el filtro de la cama.<\/p>\n<p><strong>Tanque de Acero inoxidable\u00a0<\/strong><br \/>\n316L grado alimentario de acero inoxidable<\/p>\n<p><strong>RESINA\u00a0<\/strong><br \/>\nHa uniforme de tama\u00f1os de los granos, lo que permite una mayor tasas de flujo y la eficiencia, Mientras que, simult\u00e1neamente, reducir la turbidez y la dureza.<\/p>\n<p>Clarifier Silica gravel polishes water for brilliant clarity.<\/p>\n<\/div>\n<div>\n<p><em>Descargo de responsabilidad<\/em><br \/>\nLos contaminantes que pueden ser eliminados por nuestros sistemas de tratamiento de agua no se encuentran necesariamente en el agua. El mantenimiento operacional es esencial para que nuestros productos funcionan seg\u00fan lo anunciado. Los ahorros reales dependen de su uso real de los niveles.<\/p>\n<div>\n<div><strong>GET THE ALKA COMBO FOR AS LOW AS $99 A MONTH ON APPROVED CREDIT O% DOWN.<\/strong><\/div>\n<div><\/div>\n<div><strong>HAGA CLIC EN ESTE ENLACE, RELLENAR EL FORMULARIO Y ENVIAR AL CORREO ELECTR\u00d3NICO QUE APARECE PARA VER SI USTED CALIFICA\u00a0<\/strong><\/div>\n<\/div>\n<div><\/div>\n<div><span style=\"color: #3366ff;\"><a style=\"color: #3366ff;\" href=\"http:\/\/alka4life.com\/wp-content\/uploads\/2022\/08\/Creditformfronteditable-alka4L-2-1.pdf\">http:\/\/alka4life.com\/Creditformfronteditable-1<\/a>.<a style=\"color: #3366ff;\" href=\"http:\/\/alka4life.com\/wp-content\/uploads\/2022\/07\/Creditformfronteditable-1.pdf\">pdf<\/a><\/span><\/div>\n<div>\n<p>&nbsp;<\/p>\n<p>Si usted compra un sistema, por favor llame a la oficina para programar una cita para su<strong> Instalaci\u00f3n GRATIS <\/strong>(se aplican en Los \u00c1ngeles, San Diego, San Fernando, Orange,San Bernardino y Riverside Condado)<\/p>\n<\/div>\n<\/div>\n<div><\/div>\n<div><em>Garant\u00eda<\/em><\/div>\n<div>\n<p>Protector lleva una garant\u00eda limitada de 5 a\u00f1os a partir de la fecha de instalaci\u00f3n. Por favor nota: Si usted tiene alguna pregunta acerca de la garant\u00eda, por favor ll\u00e1menos para obtener m\u00e1s informaci\u00f3n.<\/p>\n<p>Estaremos encantados de aceptar devoluciones y\/o cambios en un abrir y sin usar los sistemas dentro de los 10 d\u00edas a partir de la fecha de compra con un N\u00famero de Autorizaci\u00f3n de Devoluci\u00f3n (RAN).<\/p>\n<\/div>","protected":false},"excerpt":{"rendered":"<p>ALKA COMBO whole-house water filter conditions water to a superior quality.This cost saving system utilizes the same natural process used by our planet but, allows us to carefully select the right media to filter dirt and harmful chemicals out of our water. Experience the difference of clean water without pesky residue left behind by hard [&#8230;]\n","protected":false},"featured_media":1385,"comment_status":"open","ping_status":"closed","template":"","meta":[],"product_brand":[],"product_cat":[71,72],"product_tag":[],"class_list":{"0":"post-569","1":"product","2":"type-product","3":"status-publish","4":"has-post-thumbnail","6":"product_cat-alkaline-products","7":"product_cat-water-filters","9":"first","10":"instock","11":"sale","12":"shipping-taxable","13":"purchasable","14":"product-type-simple"},"yoast_head":"<!-- This site is optimized with the Yoast SEO plugin v27.4 - https:\/\/yoast.com\/product\/yoast-seo-wordpress\/ -->\n<title>ALKA COMBO - ALKA 4-LIFE<\/title>\n<meta name=\"robots\" content=\"index, follow, max-snippet:-1, max-image-preview:large, max-video-preview:-1\" \/>\n<link rel=\"canonical\" href=\"https:\/\/alka4life.com\/es\/producto\/alka-combo\/\" \/>\n<meta property=\"og:locale\" content=\"es_MX\" \/>\n<meta property=\"og:type\" content=\"article\" \/>\n<meta property=\"og:title\" content=\"ALKA COMBO - ALKA 4-LIFE\" \/>\n<meta property=\"og:description\" content=\"ALKA COMBO whole-house water filter conditions water to a superior quality.This cost saving system utilizes the same natural process used by our planet but, allows us to carefully select the right media to filter dirt and harmful chemicals out of our water. Experience the difference of clean water without pesky residue left behind by hard [...]\" \/>\n<meta property=\"og:url\" content=\"https:\/\/alka4life.com\/es\/producto\/alka-combo\/\" \/>\n<meta property=\"og:site_name\" content=\"ALKA 4-LIFE\" \/>\n<meta property=\"article:modified_time\" content=\"2025-04-30T22:43:34+00:00\" \/>\n<meta property=\"og:image\" content=\"https:\/\/alka4life.com\/wp-content\/uploads\/2022\/06\/14.jpg\" \/>\n\t<meta property=\"og:image:width\" content=\"1080\" \/>\n\t<meta property=\"og:image:height\" content=\"1080\" \/>\n\t<meta property=\"og:image:type\" content=\"image\/jpeg\" \/>\n<meta name=\"twitter:card\" content=\"summary_large_image\" \/>\n<meta name=\"twitter:label1\" content=\"Tiempo de lectura\" \/>\n\t<meta name=\"twitter:data1\" content=\"2 minutos\" \/>\n<script type=\"application\/ld+json\" class=\"yoast-schema-graph\">{\"@context\":\"https:\\\/\\\/schema.org\",\"@graph\":[{\"@type\":\"WebPage\",\"@id\":\"https:\\\/\\\/alka4life.com\\\/producto\\\/alka-combo\\\/\",\"url\":\"https:\\\/\\\/alka4life.com\\\/producto\\\/alka-combo\\\/\",\"name\":\"ALKA COMBO - ALKA 4-LIFE\",\"isPartOf\":{\"@id\":\"https:\\\/\\\/alka4life.com\\\/#website\"},\"primaryImageOfPage\":{\"@id\":\"https:\\\/\\\/alka4life.com\\\/producto\\\/alka-combo\\\/#primaryimage\"},\"image\":{\"@id\":\"https:\\\/\\\/alka4life.com\\\/producto\\\/alka-combo\\\/#primaryimage\"},\"thumbnailUrl\":\"https:\\\/\\\/alka4life.com\\\/wp-content\\\/uploads\\\/2022\\\/06\\\/14.jpg\",\"datePublished\":\"2022-06-14T04:43:14+00:00\",\"dateModified\":\"2025-04-30T22:43:34+00:00\",\"breadcrumb\":{\"@id\":\"https:\\\/\\\/alka4life.com\\\/producto\\\/alka-combo\\\/#breadcrumb\"},\"inLanguage\":\"es\",\"potentialAction\":[{\"@type\":\"ReadAction\",\"target\":[\"https:\\\/\\\/alka4life.com\\\/producto\\\/alka-combo\\\/\"]}]},{\"@type\":\"ImageObject\",\"inLanguage\":\"es\",\"@id\":\"https:\\\/\\\/alka4life.com\\\/producto\\\/alka-combo\\\/#primaryimage\",\"url\":\"https:\\\/\\\/alka4life.com\\\/wp-content\\\/uploads\\\/2022\\\/06\\\/14.jpg\",\"contentUrl\":\"https:\\\/\\\/alka4life.com\\\/wp-content\\\/uploads\\\/2022\\\/06\\\/14.jpg\",\"width\":1080,\"height\":1080},{\"@type\":\"BreadcrumbList\",\"@id\":\"https:\\\/\\\/alka4life.com\\\/producto\\\/alka-combo\\\/#breadcrumb\",\"itemListElement\":[{\"@type\":\"ListItem\",\"position\":1,\"name\":\"Home\",\"item\":\"https:\\\/\\\/alka4life.com\\\/\"},{\"@type\":\"ListItem\",\"position\":2,\"name\":\"Shop\",\"item\":\"https:\\\/\\\/alka4life.com\\\/es\\\/shop\\\/\"},{\"@type\":\"ListItem\",\"position\":3,\"name\":\"ALKA COMBO\"}]},{\"@type\":\"WebSite\",\"@id\":\"https:\\\/\\\/alka4life.com\\\/#website\",\"url\":\"https:\\\/\\\/alka4life.com\\\/\",\"name\":\"ALKA 4-LIFE IMPROVE YOUR LIFE\",\"description\":\"ALKALINE WATER SYSTEMS\",\"publisher\":{\"@id\":\"https:\\\/\\\/alka4life.com\\\/#organization\"},\"potentialAction\":[{\"@type\":\"SearchAction\",\"target\":{\"@type\":\"EntryPoint\",\"urlTemplate\":\"https:\\\/\\\/alka4life.com\\\/?s={search_term_string}\"},\"query-input\":{\"@type\":\"PropertyValueSpecification\",\"valueRequired\":true,\"valueName\":\"search_term_string\"}}],\"inLanguage\":\"es\"},{\"@type\":\"Organization\",\"@id\":\"https:\\\/\\\/alka4life.com\\\/#organization\",\"name\":\"ALKA 4-LIFE IMPROVE YOUR LIFE\",\"url\":\"https:\\\/\\\/alka4life.com\\\/\",\"logo\":{\"@type\":\"ImageObject\",\"inLanguage\":\"es\",\"@id\":\"https:\\\/\\\/alka4life.com\\\/#\\\/schema\\\/logo\\\/image\\\/\",\"url\":\"http:\\\/\\\/alka4life.com\\\/wp-content\\\/uploads\\\/2022\\\/06\\\/ALKA-4-LIFE-LOGO-web-333.png\",\"contentUrl\":\"http:\\\/\\\/alka4life.com\\\/wp-content\\\/uploads\\\/2022\\\/06\\\/ALKA-4-LIFE-LOGO-web-333.png\",\"width\":1338,\"height\":249,\"caption\":\"ALKA 4-LIFE IMPROVE YOUR LIFE\"},\"image\":{\"@id\":\"https:\\\/\\\/alka4life.com\\\/#\\\/schema\\\/logo\\\/image\\\/\"}}]}<\/script>\n<!-- \/ Yoast SEO plugin. -->","yoast_head_json":{"title":"ALKA COMBO - ALKA 4-LIFE","robots":{"index":"index","follow":"follow","max-snippet":"max-snippet:-1","max-image-preview":"max-image-preview:large","max-video-preview":"max-video-preview:-1"},"canonical":"https:\/\/alka4life.com\/es\/producto\/alka-combo\/","og_locale":"es_MX","og_type":"article","og_title":"ALKA COMBO - ALKA 4-LIFE","og_description":"ALKA COMBO whole-house water filter conditions water to a superior quality.This cost saving system utilizes the same natural process used by our planet but, allows us to carefully select the right media to filter dirt and harmful chemicals out of our water. Experience the difference of clean water without pesky residue left behind by hard [...]","og_url":"https:\/\/alka4life.com\/es\/producto\/alka-combo\/","og_site_name":"ALKA 4-LIFE","article_modified_time":"2025-04-30T22:43:34+00:00","og_image":[{"width":1080,"height":1080,"url":"https:\/\/alka4life.com\/wp-content\/uploads\/2022\/06\/14.jpg","type":"image\/jpeg"}],"twitter_card":"summary_large_image","twitter_misc":{"Tiempo de lectura":"2 minutos"},"schema":{"@context":"https:\/\/schema.org","@graph":[{"@type":"WebPage","@id":"https:\/\/alka4life.com\/producto\/alka-combo\/","url":"https:\/\/alka4life.com\/producto\/alka-combo\/","name":"ALKA COMBO - ALKA 4-LIFE","isPartOf":{"@id":"https:\/\/alka4life.com\/#website"},"primaryImageOfPage":{"@id":"https:\/\/alka4life.com\/producto\/alka-combo\/#primaryimage"},"image":{"@id":"https:\/\/alka4life.com\/producto\/alka-combo\/#primaryimage"},"thumbnailUrl":"https:\/\/alka4life.com\/wp-content\/uploads\/2022\/06\/14.jpg","datePublished":"2022-06-14T04:43:14+00:00","dateModified":"2025-04-30T22:43:34+00:00","breadcrumb":{"@id":"https:\/\/alka4life.com\/producto\/alka-combo\/#breadcrumb"},"inLanguage":"es","potentialAction":[{"@type":"ReadAction","target":["https:\/\/alka4life.com\/producto\/alka-combo\/"]}]},{"@type":"ImageObject","inLanguage":"es","@id":"https:\/\/alka4life.com\/producto\/alka-combo\/#primaryimage","url":"https:\/\/alka4life.com\/wp-content\/uploads\/2022\/06\/14.jpg","contentUrl":"https:\/\/alka4life.com\/wp-content\/uploads\/2022\/06\/14.jpg","width":1080,"height":1080},{"@type":"BreadcrumbList","@id":"https:\/\/alka4life.com\/producto\/alka-combo\/#breadcrumb","itemListElement":[{"@type":"ListItem","position":1,"name":"Home","item":"https:\/\/alka4life.com\/"},{"@type":"ListItem","position":2,"name":"Shop","item":"https:\/\/alka4life.com\/es\/shop\/"},{"@type":"ListItem","position":3,"name":"ALKA COMBO"}]},{"@type":"WebSite","@id":"https:\/\/alka4life.com\/#website","url":"https:\/\/alka4life.com\/","name":"ALKA 4-LIFE IMPROVE YOUR LIFE","description":"ALKALINE WATER SYSTEMS","publisher":{"@id":"https:\/\/alka4life.com\/#organization"},"potentialAction":[{"@type":"SearchAction","target":{"@type":"EntryPoint","urlTemplate":"https:\/\/alka4life.com\/?s={search_term_string}"},"query-input":{"@type":"PropertyValueSpecification","valueRequired":true,"valueName":"search_term_string"}}],"inLanguage":"es"},{"@type":"Organization","@id":"https:\/\/alka4life.com\/#organization","name":"ALKA 4-LIFE IMPROVE YOUR LIFE","url":"https:\/\/alka4life.com\/","logo":{"@type":"ImageObject","inLanguage":"es","@id":"https:\/\/alka4life.com\/#\/schema\/logo\/image\/","url":"http:\/\/alka4life.com\/wp-content\/uploads\/2022\/06\/ALKA-4-LIFE-LOGO-web-333.png","contentUrl":"http:\/\/alka4life.com\/wp-content\/uploads\/2022\/06\/ALKA-4-LIFE-LOGO-web-333.png","width":1338,"height":249,"caption":"ALKA 4-LIFE IMPROVE YOUR LIFE"},"image":{"@id":"https:\/\/alka4life.com\/#\/schema\/logo\/image\/"}}]}},"jetpack_sharing_enabled":true,"_links":{"self":[{"href":"https:\/\/alka4life.com\/es\/wp-json\/wp\/v2\/product\/569","targetHints":{"allow":["GET"]}}],"collection":[{"href":"https:\/\/alka4life.com\/es\/wp-json\/wp\/v2\/product"}],"about":[{"href":"https:\/\/alka4life.com\/es\/wp-json\/wp\/v2\/types\/product"}],"replies":[{"embeddable":true,"href":"https:\/\/alka4life.com\/es\/wp-json\/wp\/v2\/comments?post=569"}],"wp:featuredmedia":[{"embeddable":true,"href":"https:\/\/alka4life.com\/es\/wp-json\/wp\/v2\/media\/1385"}],"wp:attachment":[{"href":"https:\/\/alka4life.com\/es\/wp-json\/wp\/v2\/media?parent=569"}],"wp:term":[{"taxonomy":"product_brand","embeddable":true,"href":"https:\/\/alka4life.com\/es\/wp-json\/wp\/v2\/product_brand?post=569"},{"taxonomy":"product_cat","embeddable":true,"href":"https:\/\/alka4life.com\/es\/wp-json\/wp\/v2\/product_cat?post=569"},{"taxonomy":"product_tag","embeddable":true,"href":"https:\/\/alka4life.com\/es\/wp-json\/wp\/v2\/product_tag?post=569"}],"curies":[{"name":"wp","href":"https:\/\/api.w.org\/{rel}","templated":true}]}}