{"id":562,"date":"2022-06-13T20:54:24","date_gmt":"2022-06-14T03:54:24","guid":{"rendered":"http:\/\/alka4life.com\/?post_type=product&#038;p=562"},"modified":"2025-02-01T14:05:04","modified_gmt":"2025-02-01T22:05:04","slug":"alka4you","status":"publish","type":"product","link":"https:\/\/alka4life.com\/es\/producto\/alka4you\/","title":{"rendered":"ALKA-77"},"content":{"rendered":"<p>Cuando el agua pasa a trav\u00e9s de los filtros en este sistema, que se rompe en los grupos de mol\u00e9culas de agua en peque\u00f1os racimos. Esto hace que sea m\u00e1s f\u00e1cil para su cuerpo para absorber, as\u00ed que te quedas mejor hidratada.<\/p>\n<p>Nuestro sistema utiliza una serie de diferentes medios de comunicaci\u00f3n para que el agua alcalina en lugar de utilizar la tecnolog\u00eda electr\u00f3nica. Le ayudaremos a ahorrar dinero, energ\u00eda, y la molestia de tener que reemplazar costosos roto componentes electr\u00f3nicos.<\/p>\n<p>Este sistema incluye nuestro 804 Grifo y un tanque.<\/p>\n<p>&nbsp;<\/p>\n<p>1<sup>st<\/sup>\u00a0etapa<\/p>\n<p>Capaz de eliminar submicr\u00f3nicas de pat\u00f3genos y contaminantes inorg\u00e1nicos a trav\u00e9s de electroadhesion y de intercambio de iones.<\/p>\n<p>Protector Rojo-D Ultra filtro reduce o elimina la<\/p>\n<p>siguiente:<\/p>\n<ul>\n<li>&gt;99,99% de los virus de la poliomielitis, rotovirus, norovirus, etc.)**<\/li>\n<li>&gt;99,99% de las bacterias (escherichia coli, legionella, pseudomonas,etc.)**<\/li>\n<li>&gt;99,95% de los quistes (giardia, cryptosporidium, etc.)**<\/li>\n<li>&gt;95% de Plomo**<\/li>\n<li>&gt;80% Del Hierro Ferroso**<\/li>\n<li>&gt;95% De Ars\u00e9nico V**<\/li>\n<li>&gt;95% de Cadmio**<\/li>\n<li>&gt;85% de Cromo**<\/li>\n<li>&gt;75% de Selenio**<\/li>\n<li>&gt;60% de Mercurio\u2022el Cloro (versi\u00f3n de carbono)<\/li>\n<li>Bromo (versi\u00f3n de carbono)<\/li>\n<li>Yodo (versi\u00f3n de carbono)\u2022<\/li>\n<\/ul>\n<p>Voc (compuestos org\u00e1nicos vol\u00e1tiles)\u2022<\/p>\n<p>Los pcb y BPA<\/p>\n<ul>\n<li>Residual de productos farmac\u00e9uticos\u2022<\/li>\n<\/ul>\n<p>La contaminaci\u00f3n biol\u00f3gica de los precursores: \u00e1cidos org\u00e1nicos, prote\u00ednas,polysaccharidesApplications<\/p>\n<p><strong>La Tecnolog\u00eda de MEMBRANA\u00a0<\/strong>\u00a02do 3er 4to etapas<\/p>\n<p>El proceso de \u00f3smosis inversa se utiliza principalmente para eliminar las part\u00edculas y otras impurezas presentes en el agua.<\/p>\n<p>Esto significa que todos esos malos productos qu\u00edmicos como el plomo y el incluso el ars\u00e9nico se eliminan del agua<\/p>\n<p>.El uso de energ\u00eda de los sistemas de \u00f3smosis inversa es relativamente baja en comparaci\u00f3n con otros sistemas similares.<\/p>\n<p>Generalmente requieren mantenimiento cada seis meses o as\u00ed, los sistemas de \u00f3smosis inversa son bastante simples para cuidar de<\/p>\n<p>Incluso algunos par\u00e1sitos se filtran en el agua, protege de la posibilidad de la contracci\u00f3n.La membrana es la \u00faltima barrera en la remoci\u00f3n de contaminantes.<\/p>\n<p><strong>\u00a0Natural de Minerales ALCALINOS<\/strong><\/p>\n<p>Hemos descubierto que los Imanes de Cer\u00e1mica de estabilizar el pH en el agua mediante la creaci\u00f3n de un fuerte campo magn\u00e9tico.<\/p>\n<p>Coloca despu\u00e9s del RO de la tecnolog\u00eda para mantener su efecto.<\/p>\n<p>O-Dobi perlas fueron descubiertos despu\u00e9s de una d\u00e9cada de b\u00fasqueda de la perfecta hidr\u00f3geno y alcalinizante natural de los medios de comunicaci\u00f3n.<\/p>\n<p>O-Dobi es una cer\u00e1mica que encierra puro de calcio y de magnesio.<\/p>\n<p>Lentamente libera estos elementos para alcalinizar y para infundir el agua con gas de hidr\u00f3geno. Pruebas a ver 3 veces la del hidr\u00f3geno de la entrega de un valor de $4000 el\u00e9ctrico ionizerSofter, m\u00e1s Dulce y Delicioso Microclusters de Agua,<\/p>\n<p>Infunde Hidr\u00f3geno, Remineralises agua, Alkalizes &amp; Ioniza<\/p>\n<p>&nbsp;<\/p>\n<p>1 Gal\u00f3n de agua por 20 minutos<\/p>\n<p><strong>IAPMO CERTIFICADO\u00a0<\/strong><\/p>\n<ul>\n<li><strong>Se recomienda hacer un servicio anual de su sistema para obtener la mejor calidad de agua<\/strong><\/li>\n<li>\n<div>La instalaci\u00f3n est\u00e1 incluida dentro de la de Los Angeles\/ San Diego \u00e1reas<\/div>\n<\/li>\n<li>\n<div>Por favor llame si usted vive fuera de la CA para ver lo mucho que pod\u00eda para cubrir los costos de la instalaci\u00f3n<br \/>\n<em>Descargo de responsabilidad<\/em>Estaremos encantados de aceptar devoluciones y\/o cambios en un abrir y sin usar los sistemas dentro de los 10 d\u00edas a partir de la fecha de compra con un N\u00famero de Autorizaci\u00f3n de Devoluci\u00f3n (RAN).<\/div>\n<\/li>\n<\/ul>\n<p>&nbsp;<\/p>\n<div>\n<div><strong>GET THE ALKA-77\u00a0 FOR AS LOW AS $49 A MONTH ON APPROVED CREDIT O% DOWN.<\/strong><\/div>\n<div><\/div>\n<div><strong>HAGA CLIC EN ESTE ENLACE, RELLENAR EL FORMULARIO Y ENVIAR AL CORREO ELECTR\u00d3NICO QUE APARECE PARA VER SI USTED CALIFICA\u00a0<\/strong><\/div>\n<\/div>\n<div><\/div>\n<div><span style=\"color: #3366ff;\"><a style=\"color: #3366ff;\" href=\"http:\/\/alka4life.com\/wp-content\/uploads\/2022\/08\/Creditformfronteditable-alka4L-2-1.pdf\">http:\/\/alka4life.com\/Creditformfronteditable-1.pdf<\/a><\/span><\/div>\n<div>\n<p>&nbsp;<\/p>\n<p>Si usted compra un sistema, por favor llame a la oficina para programar una cita para su<strong>\u00a0Instalaci\u00f3n GRATIS\u00a0<\/strong>(se aplican en Los \u00c1ngeles, San Diego, San Fernando, Orange,San Bernardino y Riverside Condado)<\/p>\n<\/div>","protected":false},"excerpt":{"rendered":"<p>When water passes through the filters in this system, it breaks up the clusters of water molecules into small clusters. This makes it easier for your body to absorb so you stay better hydrated. Our system uses a series of different media to make your water alkaline rather than using electronic technology. We save you [&#8230;]\n","protected":false},"featured_media":1123,"comment_status":"open","ping_status":"closed","template":"","meta":[],"product_brand":[],"product_cat":[71,72],"product_tag":[],"class_list":{"0":"post-562","1":"product","2":"type-product","3":"status-publish","4":"has-post-thumbnail","6":"product_cat-alkaline-products","7":"product_cat-water-filters","9":"first","10":"instock","11":"shipping-taxable","12":"purchasable","13":"product-type-simple"},"yoast_head":"<!-- This site is optimized with the Yoast SEO plugin v27.4 - https:\/\/yoast.com\/product\/yoast-seo-wordpress\/ -->\n<title>ALKA-77 - ALKA 4-LIFE<\/title>\n<meta name=\"robots\" content=\"index, follow, max-snippet:-1, max-image-preview:large, max-video-preview:-1\" \/>\n<link rel=\"canonical\" href=\"https:\/\/alka4life.com\/es\/producto\/alka4you\/\" \/>\n<meta property=\"og:locale\" content=\"es_MX\" \/>\n<meta property=\"og:type\" content=\"article\" \/>\n<meta property=\"og:title\" content=\"ALKA-77 - ALKA 4-LIFE\" \/>\n<meta property=\"og:description\" content=\"When water passes through the filters in this system, it breaks up the clusters of water molecules into small clusters. This makes it easier for your body to absorb so you stay better hydrated. Our system uses a series of different media to make your water alkaline rather than using electronic technology. We save you [...]\" \/>\n<meta property=\"og:url\" content=\"https:\/\/alka4life.com\/es\/producto\/alka4you\/\" \/>\n<meta property=\"og:site_name\" content=\"ALKA 4-LIFE\" \/>\n<meta property=\"article:modified_time\" content=\"2025-02-01T22:05:04+00:00\" \/>\n<meta property=\"og:image\" content=\"https:\/\/alka4life.com\/wp-content\/uploads\/2023\/01\/good-1.png\" \/>\n\t<meta property=\"og:image:width\" content=\"2025\" \/>\n\t<meta property=\"og:image:height\" content=\"2025\" \/>\n\t<meta property=\"og:image:type\" content=\"image\/png\" \/>\n<meta name=\"twitter:card\" content=\"summary_large_image\" \/>\n<meta name=\"twitter:label1\" content=\"Tiempo de lectura\" \/>\n\t<meta name=\"twitter:data1\" content=\"3 minutos\" \/>\n<script type=\"application\/ld+json\" class=\"yoast-schema-graph\">{\"@context\":\"https:\\\/\\\/schema.org\",\"@graph\":[{\"@type\":\"WebPage\",\"@id\":\"https:\\\/\\\/alka4life.com\\\/producto\\\/alka4you\\\/\",\"url\":\"https:\\\/\\\/alka4life.com\\\/producto\\\/alka4you\\\/\",\"name\":\"ALKA-77 - ALKA 4-LIFE\",\"isPartOf\":{\"@id\":\"https:\\\/\\\/alka4life.com\\\/#website\"},\"primaryImageOfPage\":{\"@id\":\"https:\\\/\\\/alka4life.com\\\/producto\\\/alka4you\\\/#primaryimage\"},\"image\":{\"@id\":\"https:\\\/\\\/alka4life.com\\\/producto\\\/alka4you\\\/#primaryimage\"},\"thumbnailUrl\":\"https:\\\/\\\/alka4life.com\\\/wp-content\\\/uploads\\\/2023\\\/01\\\/good-1.png\",\"datePublished\":\"2022-06-14T03:54:24+00:00\",\"dateModified\":\"2025-02-01T22:05:04+00:00\",\"breadcrumb\":{\"@id\":\"https:\\\/\\\/alka4life.com\\\/producto\\\/alka4you\\\/#breadcrumb\"},\"inLanguage\":\"es\",\"potentialAction\":[{\"@type\":\"ReadAction\",\"target\":[\"https:\\\/\\\/alka4life.com\\\/producto\\\/alka4you\\\/\"]}]},{\"@type\":\"ImageObject\",\"inLanguage\":\"es\",\"@id\":\"https:\\\/\\\/alka4life.com\\\/producto\\\/alka4you\\\/#primaryimage\",\"url\":\"https:\\\/\\\/alka4life.com\\\/wp-content\\\/uploads\\\/2023\\\/01\\\/good-1.png\",\"contentUrl\":\"https:\\\/\\\/alka4life.com\\\/wp-content\\\/uploads\\\/2023\\\/01\\\/good-1.png\",\"width\":2025,\"height\":2025},{\"@type\":\"BreadcrumbList\",\"@id\":\"https:\\\/\\\/alka4life.com\\\/producto\\\/alka4you\\\/#breadcrumb\",\"itemListElement\":[{\"@type\":\"ListItem\",\"position\":1,\"name\":\"Home\",\"item\":\"https:\\\/\\\/alka4life.com\\\/\"},{\"@type\":\"ListItem\",\"position\":2,\"name\":\"Shop\",\"item\":\"https:\\\/\\\/alka4life.com\\\/es\\\/shop\\\/\"},{\"@type\":\"ListItem\",\"position\":3,\"name\":\"ALKA-77\"}]},{\"@type\":\"WebSite\",\"@id\":\"https:\\\/\\\/alka4life.com\\\/#website\",\"url\":\"https:\\\/\\\/alka4life.com\\\/\",\"name\":\"ALKA 4-LIFE IMPROVE YOUR LIFE\",\"description\":\"ALKALINE WATER SYSTEMS\",\"publisher\":{\"@id\":\"https:\\\/\\\/alka4life.com\\\/#organization\"},\"potentialAction\":[{\"@type\":\"SearchAction\",\"target\":{\"@type\":\"EntryPoint\",\"urlTemplate\":\"https:\\\/\\\/alka4life.com\\\/?s={search_term_string}\"},\"query-input\":{\"@type\":\"PropertyValueSpecification\",\"valueRequired\":true,\"valueName\":\"search_term_string\"}}],\"inLanguage\":\"es\"},{\"@type\":\"Organization\",\"@id\":\"https:\\\/\\\/alka4life.com\\\/#organization\",\"name\":\"ALKA 4-LIFE IMPROVE YOUR LIFE\",\"url\":\"https:\\\/\\\/alka4life.com\\\/\",\"logo\":{\"@type\":\"ImageObject\",\"inLanguage\":\"es\",\"@id\":\"https:\\\/\\\/alka4life.com\\\/#\\\/schema\\\/logo\\\/image\\\/\",\"url\":\"http:\\\/\\\/alka4life.com\\\/wp-content\\\/uploads\\\/2022\\\/06\\\/ALKA-4-LIFE-LOGO-web-333.png\",\"contentUrl\":\"http:\\\/\\\/alka4life.com\\\/wp-content\\\/uploads\\\/2022\\\/06\\\/ALKA-4-LIFE-LOGO-web-333.png\",\"width\":1338,\"height\":249,\"caption\":\"ALKA 4-LIFE IMPROVE YOUR LIFE\"},\"image\":{\"@id\":\"https:\\\/\\\/alka4life.com\\\/#\\\/schema\\\/logo\\\/image\\\/\"}}]}<\/script>\n<!-- \/ Yoast SEO plugin. -->","yoast_head_json":{"title":"ALKA-77 - ALKA 4-LIFE","robots":{"index":"index","follow":"follow","max-snippet":"max-snippet:-1","max-image-preview":"max-image-preview:large","max-video-preview":"max-video-preview:-1"},"canonical":"https:\/\/alka4life.com\/es\/producto\/alka4you\/","og_locale":"es_MX","og_type":"article","og_title":"ALKA-77 - ALKA 4-LIFE","og_description":"When water passes through the filters in this system, it breaks up the clusters of water molecules into small clusters. This makes it easier for your body to absorb so you stay better hydrated. Our system uses a series of different media to make your water alkaline rather than using electronic technology. We save you [...]","og_url":"https:\/\/alka4life.com\/es\/producto\/alka4you\/","og_site_name":"ALKA 4-LIFE","article_modified_time":"2025-02-01T22:05:04+00:00","og_image":[{"width":2025,"height":2025,"url":"https:\/\/alka4life.com\/wp-content\/uploads\/2023\/01\/good-1.png","type":"image\/png"}],"twitter_card":"summary_large_image","twitter_misc":{"Tiempo de lectura":"3 minutos"},"schema":{"@context":"https:\/\/schema.org","@graph":[{"@type":"WebPage","@id":"https:\/\/alka4life.com\/producto\/alka4you\/","url":"https:\/\/alka4life.com\/producto\/alka4you\/","name":"ALKA-77 - ALKA 4-LIFE","isPartOf":{"@id":"https:\/\/alka4life.com\/#website"},"primaryImageOfPage":{"@id":"https:\/\/alka4life.com\/producto\/alka4you\/#primaryimage"},"image":{"@id":"https:\/\/alka4life.com\/producto\/alka4you\/#primaryimage"},"thumbnailUrl":"https:\/\/alka4life.com\/wp-content\/uploads\/2023\/01\/good-1.png","datePublished":"2022-06-14T03:54:24+00:00","dateModified":"2025-02-01T22:05:04+00:00","breadcrumb":{"@id":"https:\/\/alka4life.com\/producto\/alka4you\/#breadcrumb"},"inLanguage":"es","potentialAction":[{"@type":"ReadAction","target":["https:\/\/alka4life.com\/producto\/alka4you\/"]}]},{"@type":"ImageObject","inLanguage":"es","@id":"https:\/\/alka4life.com\/producto\/alka4you\/#primaryimage","url":"https:\/\/alka4life.com\/wp-content\/uploads\/2023\/01\/good-1.png","contentUrl":"https:\/\/alka4life.com\/wp-content\/uploads\/2023\/01\/good-1.png","width":2025,"height":2025},{"@type":"BreadcrumbList","@id":"https:\/\/alka4life.com\/producto\/alka4you\/#breadcrumb","itemListElement":[{"@type":"ListItem","position":1,"name":"Home","item":"https:\/\/alka4life.com\/"},{"@type":"ListItem","position":2,"name":"Shop","item":"https:\/\/alka4life.com\/es\/shop\/"},{"@type":"ListItem","position":3,"name":"ALKA-77"}]},{"@type":"WebSite","@id":"https:\/\/alka4life.com\/#website","url":"https:\/\/alka4life.com\/","name":"ALKA 4-LIFE IMPROVE YOUR LIFE","description":"ALKALINE WATER SYSTEMS","publisher":{"@id":"https:\/\/alka4life.com\/#organization"},"potentialAction":[{"@type":"SearchAction","target":{"@type":"EntryPoint","urlTemplate":"https:\/\/alka4life.com\/?s={search_term_string}"},"query-input":{"@type":"PropertyValueSpecification","valueRequired":true,"valueName":"search_term_string"}}],"inLanguage":"es"},{"@type":"Organization","@id":"https:\/\/alka4life.com\/#organization","name":"ALKA 4-LIFE IMPROVE YOUR LIFE","url":"https:\/\/alka4life.com\/","logo":{"@type":"ImageObject","inLanguage":"es","@id":"https:\/\/alka4life.com\/#\/schema\/logo\/image\/","url":"http:\/\/alka4life.com\/wp-content\/uploads\/2022\/06\/ALKA-4-LIFE-LOGO-web-333.png","contentUrl":"http:\/\/alka4life.com\/wp-content\/uploads\/2022\/06\/ALKA-4-LIFE-LOGO-web-333.png","width":1338,"height":249,"caption":"ALKA 4-LIFE IMPROVE YOUR LIFE"},"image":{"@id":"https:\/\/alka4life.com\/#\/schema\/logo\/image\/"}}]}},"jetpack_sharing_enabled":true,"_links":{"self":[{"href":"https:\/\/alka4life.com\/es\/wp-json\/wp\/v2\/product\/562","targetHints":{"allow":["GET"]}}],"collection":[{"href":"https:\/\/alka4life.com\/es\/wp-json\/wp\/v2\/product"}],"about":[{"href":"https:\/\/alka4life.com\/es\/wp-json\/wp\/v2\/types\/product"}],"replies":[{"embeddable":true,"href":"https:\/\/alka4life.com\/es\/wp-json\/wp\/v2\/comments?post=562"}],"wp:featuredmedia":[{"embeddable":true,"href":"https:\/\/alka4life.com\/es\/wp-json\/wp\/v2\/media\/1123"}],"wp:attachment":[{"href":"https:\/\/alka4life.com\/es\/wp-json\/wp\/v2\/media?parent=562"}],"wp:term":[{"taxonomy":"product_brand","embeddable":true,"href":"https:\/\/alka4life.com\/es\/wp-json\/wp\/v2\/product_brand?post=562"},{"taxonomy":"product_cat","embeddable":true,"href":"https:\/\/alka4life.com\/es\/wp-json\/wp\/v2\/product_cat?post=562"},{"taxonomy":"product_tag","embeddable":true,"href":"https:\/\/alka4life.com\/es\/wp-json\/wp\/v2\/product_tag?post=562"}],"curies":[{"name":"wp","href":"https:\/\/api.w.org\/{rel}","templated":true}]}}