{"id":1316,"date":"2024-08-09T11:52:26","date_gmt":"2024-08-09T18:52:26","guid":{"rendered":"http:\/\/alka4life.com\/?post_type=product&#038;p=1316"},"modified":"2025-06-17T16:29:17","modified_gmt":"2025-06-17T23:29:17","slug":"alka-combo-max-red-d","status":"publish","type":"product","link":"https:\/\/alka4life.com\/es\/producto\/alka-combo-max-red-d\/","title":{"rendered":"ALKA COMBO MAX + RED-D"},"content":{"rendered":"<p><span class=\"OYPEnA font-feature-liga-off font-feature-clig-off font-feature-calt-off text-decoration-none text-strikethrough-none\">Alka 4-LIFE Protector para toda la casa, elimina la mayor\u00eda de los contaminantes que se encuentran en el agua del grifo. El mantenimiento regular es esencial para garantizar que su unidad funcione correctamente. Los ahorros de costos estimados variar\u00e1n dependiendo del consumo general del hogar de su familia.<\/span><\/p>\n<p class=\"cvGsUA direction-ltr align-justify para-style-body\"><span class=\"OYPEnA font-feature-liga-off font-feature-clig-off font-feature-calt-off text-decoration-none text-strikethrough-none\">SALUD Y SEGURIDAD PARA TU FAMILIA<\/span><\/p>\n<p class=\"cvGsUA direction-ltr align-justify para-style-body\"><span class=\"OYPEnA font-feature-liga-off font-feature-clig-off font-feature-calt-off text-decoration-none text-strikethrough-none\">Protector One elimina productos qu\u00edmicos nocivos, cloro, cloramina, toxinas y carcin\u00f3genos conocidos. El carb\u00f3n bacteriost\u00e1tico activado impregnado en el medio reduce los olores e inhibe el crecimiento de bacterias dentro del lecho filtrante. <\/span><span class=\"OYPEnA font-feature-liga-off font-feature-clig-off font-feature-calt-off text-decoration-none text-strikethrough-none\">La salud de su familia es nuestra m\u00e1xima prioridad.<\/span><\/p>\n<p>&nbsp;<\/p>\n<p class=\"cvGsUA direction-ltr align-justify para-style-body\"><span class=\"OYPEnA font-feature-liga-off font-feature-clig-off font-feature-calt-off text-decoration-none text-strikethrough-none\">PROPORCIONA agua de la M\u00c1S ALTA CALIDAD<\/span><\/p>\n<p class=\"cvGsUA direction-ltr align-justify para-style-body\"><span class=\"OYPEnA font-feature-liga-off font-feature-clig-off font-feature-calt-off text-decoration-none text-strikethrough-none\">Con Protector One, puedes saborear, oler y sentir la diferencia.<\/span><\/p>\n<p class=\"cvGsUA direction-ltr align-justify para-style-body\"><span class=\"OYPEnA font-feature-liga-off font-feature-clig-off font-feature-calt-off text-decoration-none text-strikethrough-none\">De cada grifo de su hogar fluye agua de la m\u00e1s alta calidad.<\/span><\/p>\n<p class=\"cvGsUA direction-ltr align-justify para-style-body\"><span class=\"OYPEnA font-feature-liga-off font-feature-clig-off font-feature-calt-off text-decoration-none text-strikethrough-none\">El agua blanda mejora la cocci\u00f3n, el lavado de alimentos, el cuidado de la piel y el ba\u00f1o.<\/span><\/p>\n<p class=\"cvGsUA direction-ltr align-justify para-style-body\"><span class=\"OYPEnA font-feature-liga-off font-feature-clig-off font-feature-calt-off text-decoration-none text-strikethrough-none\">Tu piel y cabello se ver\u00e1n y se sentir\u00e1n mejor. La ropa requiere menos jab\u00f3n y las telas se sentir\u00e1n m\u00e1s suaves al tacto.<\/span><\/p>\n<p class=\"cvGsUA direction-ltr align-justify para-style-body\"><span class=\"OYPEnA font-feature-liga-off font-feature-clig-off font-feature-calt-off text-decoration-none text-strikethrough-none\">AGUA SUAVE = AHORRO MUY SIGNIFICATIVO<\/span><\/p>\n<p class=\"cvGsUA direction-ltr align-justify para-style-body\"><span class=\"OYPEnA font-feature-liga-off font-feature-clig-off font-feature-calt-off text-decoration-none text-strikethrough-none\">El agua dura es mala para sus electrodom\u00e9sticos. Aqu\u00ed tienes 3 formas de ahorrar:<\/span><\/p>\n<ul>\n<li><span class=\"OYPEnA font-feature-liga-off font-feature-clig-off font-feature-calt-off text-decoration-none text-strikethrough-none\">Menos acumulaci\u00f3n de minerales (incrustaciones) en sus electrodom\u00e9sticos, calentador de agua y tuber\u00edas significa que todos durar\u00e1n m\u00e1s. Ahorros estimados de hasta $800 en 5 a\u00f1os.<\/span><\/li>\n<li><span class=\"OYPEnA font-feature-liga-off font-feature-clig-off font-feature-calt-off text-decoration-none text-strikethrough-none\">Su calentador de agua funcionar\u00e1 de manera m\u00e1s eficiente debido a que tendr\u00e1 menos incrustaciones, lo que resultar\u00e1 en un menor uso de energ\u00eda. Ahorro de costes estimado hasta un 25%.<\/span><\/li>\n<li><span class=\"OYPEnA font-feature-liga-off font-feature-clig-off font-feature-calt-off text-decoration-none text-strikethrough-none\">Una vez instalado su Protector, gastar\u00e1 mucho menos dinero en jab\u00f3n de ba\u00f1o, champ\u00fa, jab\u00f3n para platos, productos de limpieza y detergente para ropa.<\/span><\/li>\n<\/ul>\n<p>&nbsp;<\/p>\n<div>\n<p>This system uses the highest quality catalytic granular coal in its first stage to remove unpleasant tastes and odors caused by chlorine or organic chemicals. Its careful selection of media removes pesticides, turbidity, and chloramine as compared to carbon systems which typically do not. The second stage softens the water to protect your plumbing and household appliances from scale buildup. This keeps your clothes soft and colors bright as well as your dishes and glassware free of hard water residue.<\/p>\n<p>This package includes the ALKA-77, the drinking Alkaline water system.<\/p>\n<\/div>\n<div>\n<p><em>Descargo de responsabilidad<\/em><br \/>\nLos contaminantes que pueden ser eliminados por nuestros sistemas de tratamiento de agua no se encuentran necesariamente en el agua. El mantenimiento operacional es esencial para que nuestros productos funcionan seg\u00fan lo anunciado. Los ahorros reales dependen de su uso real de los niveles.<\/p>\n<div><strong>GET THE ALKA COMBO MAX FOR AS LOW AS $109 A MONTH ON APPROVED CREDIT O% DOWN.<\/strong><\/div>\n<div><\/div>\n<div><strong>HAGA CLIC EN ESTE ENLACE, RELLENAR EL FORMULARIO Y ENVIAR AL CORREO ELECTR\u00d3NICO QUE APARECE PARA VER SI USTED CALIFICA\u00a0<\/strong><\/div>\n<\/div>\n<div><\/div>\n<div><a href=\"http:\/\/alka4life.com\/wp-content\/uploads\/2022\/08\/Creditformfronteditable-alka4L-2-1.pdf\">http:\/\/alka4life.com\/Creditformfronteditable-1.pdf<\/a><\/div>\n<div>\n<p>&nbsp;<\/p>\n<p>Si usted compra un sistema, por favor llame a la oficina para programar una cita para su<strong>\u00a0Instalaci\u00f3n GRATIS\u00a0<\/strong>(se aplican en Los \u00c1ngeles, San Diego, San Fernando, Orange,San Bernardino y Riverside Condado)<\/p>\n<\/div>\n<div><\/div>\n<div><\/div>\n<div>\n<div><em>Garant\u00eda<\/em><\/div>\n<div>Protector lleva una garant\u00eda limitada de 5 a\u00f1os a partir de la fecha de instalaci\u00f3n. Por favor nota: Si usted tiene alguna pregunta acerca de la garant\u00eda, por favor ll\u00e1menos para obtener m\u00e1s informaci\u00f3n.<\/div>\n<\/div>","protected":false},"excerpt":{"rendered":"<p>El filtro Red-D que detiene virus y bacterias en el agua agua, Y esa se encuentran m\u00e1s seguido en los pozos de agua por ser una agua almacenada que no ha sido tratada por la ciudad<\/p>","protected":false},"featured_media":1405,"comment_status":"open","ping_status":"closed","template":"","meta":[],"product_brand":[],"product_cat":[71],"product_tag":[],"class_list":{"0":"post-1316","1":"product","2":"type-product","3":"status-publish","4":"has-post-thumbnail","6":"product_cat-alkaline-products","8":"first","9":"instock","10":"shipping-taxable","11":"purchasable","12":"product-type-simple"},"yoast_head":"<!-- This site is optimized with the Yoast SEO plugin v27.4 - https:\/\/yoast.com\/product\/yoast-seo-wordpress\/ -->\n<title>ALKA COMBO MAX + RED-D - ALKA 4-LIFE<\/title>\n<meta name=\"robots\" content=\"index, follow, max-snippet:-1, max-image-preview:large, max-video-preview:-1\" \/>\n<link rel=\"canonical\" href=\"https:\/\/alka4life.com\/es\/producto\/alka-combo-max-red-d\/\" \/>\n<meta property=\"og:locale\" content=\"es_MX\" \/>\n<meta property=\"og:type\" content=\"article\" \/>\n<meta property=\"og:title\" content=\"ALKA COMBO MAX + RED-D - ALKA 4-LIFE\" \/>\n<meta property=\"og:description\" content=\"El filtro Red-D que detiene virus y bacterias en el agua agua, Y esa se encuentran m\u00e1s seguido en los pozos de agua por ser una agua almacenada que no ha sido tratada por la ciudad\" \/>\n<meta property=\"og:url\" content=\"https:\/\/alka4life.com\/es\/producto\/alka-combo-max-red-d\/\" \/>\n<meta property=\"og:site_name\" content=\"ALKA 4-LIFE\" \/>\n<meta property=\"article:modified_time\" content=\"2025-06-17T23:29:17+00:00\" \/>\n<meta property=\"og:image\" content=\"https:\/\/alka4life.com\/wp-content\/uploads\/2024\/08\/Productos-2025-2-1.jpg\" \/>\n\t<meta property=\"og:image:width\" content=\"1620\" \/>\n\t<meta property=\"og:image:height\" content=\"1620\" \/>\n\t<meta property=\"og:image:type\" content=\"image\/jpeg\" \/>\n<meta name=\"twitter:card\" content=\"summary_large_image\" \/>\n<meta name=\"twitter:label1\" content=\"Tiempo de lectura\" \/>\n\t<meta name=\"twitter:data1\" content=\"3 minutos\" \/>\n<script type=\"application\/ld+json\" class=\"yoast-schema-graph\">{\"@context\":\"https:\\\/\\\/schema.org\",\"@graph\":[{\"@type\":\"WebPage\",\"@id\":\"https:\\\/\\\/alka4life.com\\\/producto\\\/alka-combo-max-red-d\\\/\",\"url\":\"https:\\\/\\\/alka4life.com\\\/producto\\\/alka-combo-max-red-d\\\/\",\"name\":\"ALKA COMBO MAX + RED-D - ALKA 4-LIFE\",\"isPartOf\":{\"@id\":\"https:\\\/\\\/alka4life.com\\\/#website\"},\"primaryImageOfPage\":{\"@id\":\"https:\\\/\\\/alka4life.com\\\/producto\\\/alka-combo-max-red-d\\\/#primaryimage\"},\"image\":{\"@id\":\"https:\\\/\\\/alka4life.com\\\/producto\\\/alka-combo-max-red-d\\\/#primaryimage\"},\"thumbnailUrl\":\"https:\\\/\\\/alka4life.com\\\/wp-content\\\/uploads\\\/2024\\\/08\\\/Productos-2025-2-1.jpg\",\"datePublished\":\"2024-08-09T18:52:26+00:00\",\"dateModified\":\"2025-06-17T23:29:17+00:00\",\"breadcrumb\":{\"@id\":\"https:\\\/\\\/alka4life.com\\\/producto\\\/alka-combo-max-red-d\\\/#breadcrumb\"},\"inLanguage\":\"es\",\"potentialAction\":[{\"@type\":\"ReadAction\",\"target\":[\"https:\\\/\\\/alka4life.com\\\/producto\\\/alka-combo-max-red-d\\\/\"]}]},{\"@type\":\"ImageObject\",\"inLanguage\":\"es\",\"@id\":\"https:\\\/\\\/alka4life.com\\\/producto\\\/alka-combo-max-red-d\\\/#primaryimage\",\"url\":\"https:\\\/\\\/alka4life.com\\\/wp-content\\\/uploads\\\/2024\\\/08\\\/Productos-2025-2-1.jpg\",\"contentUrl\":\"https:\\\/\\\/alka4life.com\\\/wp-content\\\/uploads\\\/2024\\\/08\\\/Productos-2025-2-1.jpg\",\"width\":1620,\"height\":1620},{\"@type\":\"BreadcrumbList\",\"@id\":\"https:\\\/\\\/alka4life.com\\\/producto\\\/alka-combo-max-red-d\\\/#breadcrumb\",\"itemListElement\":[{\"@type\":\"ListItem\",\"position\":1,\"name\":\"Home\",\"item\":\"https:\\\/\\\/alka4life.com\\\/\"},{\"@type\":\"ListItem\",\"position\":2,\"name\":\"Shop\",\"item\":\"https:\\\/\\\/alka4life.com\\\/es\\\/shop\\\/\"},{\"@type\":\"ListItem\",\"position\":3,\"name\":\"ALKA COMBO MAX + RED-D\"}]},{\"@type\":\"WebSite\",\"@id\":\"https:\\\/\\\/alka4life.com\\\/#website\",\"url\":\"https:\\\/\\\/alka4life.com\\\/\",\"name\":\"ALKA 4-LIFE IMPROVE YOUR LIFE\",\"description\":\"ALKALINE WATER SYSTEMS\",\"publisher\":{\"@id\":\"https:\\\/\\\/alka4life.com\\\/#organization\"},\"potentialAction\":[{\"@type\":\"SearchAction\",\"target\":{\"@type\":\"EntryPoint\",\"urlTemplate\":\"https:\\\/\\\/alka4life.com\\\/?s={search_term_string}\"},\"query-input\":{\"@type\":\"PropertyValueSpecification\",\"valueRequired\":true,\"valueName\":\"search_term_string\"}}],\"inLanguage\":\"es\"},{\"@type\":\"Organization\",\"@id\":\"https:\\\/\\\/alka4life.com\\\/#organization\",\"name\":\"ALKA 4-LIFE IMPROVE YOUR LIFE\",\"url\":\"https:\\\/\\\/alka4life.com\\\/\",\"logo\":{\"@type\":\"ImageObject\",\"inLanguage\":\"es\",\"@id\":\"https:\\\/\\\/alka4life.com\\\/#\\\/schema\\\/logo\\\/image\\\/\",\"url\":\"http:\\\/\\\/alka4life.com\\\/wp-content\\\/uploads\\\/2022\\\/06\\\/ALKA-4-LIFE-LOGO-web-333.png\",\"contentUrl\":\"http:\\\/\\\/alka4life.com\\\/wp-content\\\/uploads\\\/2022\\\/06\\\/ALKA-4-LIFE-LOGO-web-333.png\",\"width\":1338,\"height\":249,\"caption\":\"ALKA 4-LIFE IMPROVE YOUR LIFE\"},\"image\":{\"@id\":\"https:\\\/\\\/alka4life.com\\\/#\\\/schema\\\/logo\\\/image\\\/\"}}]}<\/script>\n<!-- \/ Yoast SEO plugin. -->","yoast_head_json":{"title":"ALKA COMBO MAX + RED-D - ALKA 4-LIFE","robots":{"index":"index","follow":"follow","max-snippet":"max-snippet:-1","max-image-preview":"max-image-preview:large","max-video-preview":"max-video-preview:-1"},"canonical":"https:\/\/alka4life.com\/es\/producto\/alka-combo-max-red-d\/","og_locale":"es_MX","og_type":"article","og_title":"ALKA COMBO MAX + RED-D - ALKA 4-LIFE","og_description":"El filtro Red-D que detiene virus y bacterias en el agua agua, Y esa se encuentran m\u00e1s seguido en los pozos de agua por ser una agua almacenada que no ha sido tratada por la ciudad","og_url":"https:\/\/alka4life.com\/es\/producto\/alka-combo-max-red-d\/","og_site_name":"ALKA 4-LIFE","article_modified_time":"2025-06-17T23:29:17+00:00","og_image":[{"width":1620,"height":1620,"url":"https:\/\/alka4life.com\/wp-content\/uploads\/2024\/08\/Productos-2025-2-1.jpg","type":"image\/jpeg"}],"twitter_card":"summary_large_image","twitter_misc":{"Tiempo de lectura":"3 minutos"},"schema":{"@context":"https:\/\/schema.org","@graph":[{"@type":"WebPage","@id":"https:\/\/alka4life.com\/producto\/alka-combo-max-red-d\/","url":"https:\/\/alka4life.com\/producto\/alka-combo-max-red-d\/","name":"ALKA COMBO MAX + RED-D - ALKA 4-LIFE","isPartOf":{"@id":"https:\/\/alka4life.com\/#website"},"primaryImageOfPage":{"@id":"https:\/\/alka4life.com\/producto\/alka-combo-max-red-d\/#primaryimage"},"image":{"@id":"https:\/\/alka4life.com\/producto\/alka-combo-max-red-d\/#primaryimage"},"thumbnailUrl":"https:\/\/alka4life.com\/wp-content\/uploads\/2024\/08\/Productos-2025-2-1.jpg","datePublished":"2024-08-09T18:52:26+00:00","dateModified":"2025-06-17T23:29:17+00:00","breadcrumb":{"@id":"https:\/\/alka4life.com\/producto\/alka-combo-max-red-d\/#breadcrumb"},"inLanguage":"es","potentialAction":[{"@type":"ReadAction","target":["https:\/\/alka4life.com\/producto\/alka-combo-max-red-d\/"]}]},{"@type":"ImageObject","inLanguage":"es","@id":"https:\/\/alka4life.com\/producto\/alka-combo-max-red-d\/#primaryimage","url":"https:\/\/alka4life.com\/wp-content\/uploads\/2024\/08\/Productos-2025-2-1.jpg","contentUrl":"https:\/\/alka4life.com\/wp-content\/uploads\/2024\/08\/Productos-2025-2-1.jpg","width":1620,"height":1620},{"@type":"BreadcrumbList","@id":"https:\/\/alka4life.com\/producto\/alka-combo-max-red-d\/#breadcrumb","itemListElement":[{"@type":"ListItem","position":1,"name":"Home","item":"https:\/\/alka4life.com\/"},{"@type":"ListItem","position":2,"name":"Shop","item":"https:\/\/alka4life.com\/es\/shop\/"},{"@type":"ListItem","position":3,"name":"ALKA COMBO MAX + RED-D"}]},{"@type":"WebSite","@id":"https:\/\/alka4life.com\/#website","url":"https:\/\/alka4life.com\/","name":"ALKA 4-LIFE IMPROVE YOUR LIFE","description":"ALKALINE WATER SYSTEMS","publisher":{"@id":"https:\/\/alka4life.com\/#organization"},"potentialAction":[{"@type":"SearchAction","target":{"@type":"EntryPoint","urlTemplate":"https:\/\/alka4life.com\/?s={search_term_string}"},"query-input":{"@type":"PropertyValueSpecification","valueRequired":true,"valueName":"search_term_string"}}],"inLanguage":"es"},{"@type":"Organization","@id":"https:\/\/alka4life.com\/#organization","name":"ALKA 4-LIFE IMPROVE YOUR LIFE","url":"https:\/\/alka4life.com\/","logo":{"@type":"ImageObject","inLanguage":"es","@id":"https:\/\/alka4life.com\/#\/schema\/logo\/image\/","url":"http:\/\/alka4life.com\/wp-content\/uploads\/2022\/06\/ALKA-4-LIFE-LOGO-web-333.png","contentUrl":"http:\/\/alka4life.com\/wp-content\/uploads\/2022\/06\/ALKA-4-LIFE-LOGO-web-333.png","width":1338,"height":249,"caption":"ALKA 4-LIFE IMPROVE YOUR LIFE"},"image":{"@id":"https:\/\/alka4life.com\/#\/schema\/logo\/image\/"}}]}},"jetpack_sharing_enabled":true,"_links":{"self":[{"href":"https:\/\/alka4life.com\/es\/wp-json\/wp\/v2\/product\/1316","targetHints":{"allow":["GET"]}}],"collection":[{"href":"https:\/\/alka4life.com\/es\/wp-json\/wp\/v2\/product"}],"about":[{"href":"https:\/\/alka4life.com\/es\/wp-json\/wp\/v2\/types\/product"}],"replies":[{"embeddable":true,"href":"https:\/\/alka4life.com\/es\/wp-json\/wp\/v2\/comments?post=1316"}],"wp:featuredmedia":[{"embeddable":true,"href":"https:\/\/alka4life.com\/es\/wp-json\/wp\/v2\/media\/1405"}],"wp:attachment":[{"href":"https:\/\/alka4life.com\/es\/wp-json\/wp\/v2\/media?parent=1316"}],"wp:term":[{"taxonomy":"product_brand","embeddable":true,"href":"https:\/\/alka4life.com\/es\/wp-json\/wp\/v2\/product_brand?post=1316"},{"taxonomy":"product_cat","embeddable":true,"href":"https:\/\/alka4life.com\/es\/wp-json\/wp\/v2\/product_cat?post=1316"},{"taxonomy":"product_tag","embeddable":true,"href":"https:\/\/alka4life.com\/es\/wp-json\/wp\/v2\/product_tag?post=1316"}],"curies":[{"name":"wp","href":"https:\/\/api.w.org\/{rel}","templated":true}]}}