{"id":1167,"date":"2023-08-03T09:40:57","date_gmt":"2023-08-03T16:40:57","guid":{"rendered":"http:\/\/alka4life.com\/?post_type=product&#038;p=1167"},"modified":"2025-06-29T17:05:55","modified_gmt":"2025-06-30T00:05:55","slug":"alka-solution-max","status":"publish","type":"product","link":"https:\/\/alka4life.com\/es\/producto\/alka-solution-max\/","title":{"rendered":"ALKA SOLUTION-MAX"},"content":{"rendered":"<p><span class=\"WdYUQQ text-decoration-none text-strikethrough-none\">AGUA alcalina para beber y cocinar y agua purificada para toda tu casa<\/span>, es la soluci\u00f3n inteligente para tu familia.<\/p>\n<p class=\"_04xlpA direction-ltr align-justify para-style-body\"><span class=\"WdYUQQ text-decoration-none text-strikethrough-none\">Cuando el agua pasa a trav\u00e9s de los filtros de este sistema, rompe los grupos de mol\u00e9culas de agua en grupos m\u00e1s peque\u00f1os. Esto hace que su cuerpo lo absorba m\u00e1s f\u00e1cilmente para que se mantenga mejor hidratado.<\/span><\/p>\n<p class=\"_04xlpA direction-ltr align-justify para-style-body\"><span class=\"WdYUQQ text-decoration-none text-strikethrough-none\">Los radicales libres de ox\u00edgeno (a los que les faltan electrones) se producen de forma natural en nuestro cuerpo y, para sobrevivir, robar\u00e1n de las c\u00e9lulas sanas y normales.<\/span><\/p>\n<p>CARACTERISTICAS:<\/p>\n<ul>\n<li><span class=\"WdYUQQ text-decoration-none text-strikethrough-none\">Sin bacterias.<\/span><\/li>\n<li><span class=\"WdYUQQ text-decoration-none text-strikethrough-none\">Sin virus.<\/span><\/li>\n<li><span class=\"WdYUQQ text-decoration-none text-strikethrough-none\">No m\u00e1s contaminantes de la ciudad.<\/span><\/li>\n<li><span class=\"WdYUQQ text-decoration-none text-strikethrough-none\">Sin malos sabores ni olores.<\/span><\/li>\n<li><span class=\"WdYUQQ text-decoration-none text-strikethrough-none\">Se paga solo.<\/span><\/li>\n<li><span class=\"WdYUQQ text-decoration-none text-strikethrough-none\">Tranquilidad y confiabilidad.<\/span><\/li>\n<li><span class=\"WdYUQQ text-decoration-none text-strikethrough-none\">Elimina durezas.<\/span><\/li>\n<li><span class=\"WdYUQQ text-decoration-none text-strikethrough-none\">Prolonga la vida \u00fatil de los aparatos.<\/span><\/li>\n<li><span class=\"WdYUQQ text-decoration-none text-strikethrough-none\">Agua 99.99% purificada directamente del grifo.<\/span><\/li>\n<li><span class=\"WdYUQQ text-decoration-none text-strikethrough-none\">Comida m\u00e1s sabrosa.<\/span><\/li>\n<li><span class=\"WdYUQQ text-decoration-none text-strikethrough-none\">Agua con claridad excepcional sin turbidez.<\/span><\/li>\n<li><span class=\"WdYUQQ text-decoration-none text-strikethrough-none\">Cabello y piel suaves y saludables.<\/span><\/li>\n<li><span class=\"WdYUQQ text-decoration-none text-strikethrough-none\">La ropa mantiene su color por m\u00e1s tiempo.<\/span><\/li>\n<li><span class=\"WdYUQQ text-decoration-none text-strikethrough-none\">Elimina el 99.99% del cloro en el agua.<\/span><\/li>\n<li><span class=\"WdYUQQ text-decoration-none text-strikethrough-none\">Menos jab\u00f3n ahorra hasta un 80%.<\/span><\/li>\n<li><span class=\"WdYUQQ text-decoration-none text-strikethrough-none\">Minimice las reparaciones de plomer\u00eda y proteja sus tuber\u00edas.<\/span><\/li>\n<li><span class=\"WdYUQQ text-decoration-none text-strikethrough-none\">No mas infecciones de la piel.<\/span><\/li>\n<li><span class=\"WdYUQQ text-decoration-none text-strikethrough-none\">AHORRA ENERG\u00cdA<\/span><\/li>\n<li><span class=\"WdYUQQ text-decoration-none text-strikethrough-none\">LA MEJOR GARANT\u00cdA DE POR VIDA<\/span><\/li>\n<\/ul>\n<p>&nbsp;<\/p>\n<p>&nbsp;<\/p>","protected":false},"excerpt":{"rendered":"<p>AGUA alcalina para beber y cocinar y agua purificada para toda tu casa, es la soluci\u00f3n inteligente para tu familia. Cuando el agua pasa a trav\u00e9s de los filtros de este sistema, rompe los grupos de mol\u00e9culas de agua en grupos m\u00e1s peque\u00f1os. Esto hace que su cuerpo lo absorba m\u00e1s f\u00e1cilmente para que se [&#8230;]\n","protected":false},"featured_media":1174,"comment_status":"open","ping_status":"closed","template":"","meta":[],"product_brand":[],"product_cat":[71],"product_tag":[],"class_list":{"0":"post-1167","1":"product","2":"type-product","3":"status-publish","4":"has-post-thumbnail","6":"product_cat-alkaline-products","8":"first","9":"instock","10":"shipping-taxable","11":"purchasable","12":"product-type-simple"},"yoast_head":"<!-- This site is optimized with the Yoast SEO plugin v27.4 - https:\/\/yoast.com\/product\/yoast-seo-wordpress\/ -->\n<title>ALKA SOLUTION-MAX - ALKA 4-LIFE<\/title>\n<meta name=\"robots\" content=\"index, follow, max-snippet:-1, max-image-preview:large, max-video-preview:-1\" \/>\n<link rel=\"canonical\" href=\"https:\/\/alka4life.com\/es\/producto\/alka-solution-max\/\" \/>\n<meta property=\"og:locale\" content=\"es_MX\" \/>\n<meta property=\"og:type\" content=\"article\" \/>\n<meta property=\"og:title\" content=\"ALKA SOLUTION-MAX - ALKA 4-LIFE\" \/>\n<meta property=\"og:description\" content=\"AGUA alcalina para beber y cocinar y agua purificada para toda tu casa, es la soluci\u00f3n inteligente para tu familia. Cuando el agua pasa a trav\u00e9s de los filtros de este sistema, rompe los grupos de mol\u00e9culas de agua en grupos m\u00e1s peque\u00f1os. Esto hace que su cuerpo lo absorba m\u00e1s f\u00e1cilmente para que se [...]\" \/>\n<meta property=\"og:url\" content=\"https:\/\/alka4life.com\/es\/producto\/alka-solution-max\/\" \/>\n<meta property=\"og:site_name\" content=\"ALKA 4-LIFE\" \/>\n<meta property=\"article:modified_time\" content=\"2025-06-30T00:05:55+00:00\" \/>\n<meta property=\"og:image\" content=\"https:\/\/alka4life.com\/wp-content\/uploads\/2023\/08\/Flyers-ING-SPA-2-1.png\" \/>\n\t<meta property=\"og:image:width\" content=\"1222\" \/>\n\t<meta property=\"og:image:height\" content=\"916\" \/>\n\t<meta property=\"og:image:type\" content=\"image\/png\" \/>\n<meta name=\"twitter:card\" content=\"summary_large_image\" \/>\n<meta name=\"twitter:label1\" content=\"Tiempo de lectura\" \/>\n\t<meta name=\"twitter:data1\" content=\"2 minutos\" \/>\n<script type=\"application\/ld+json\" class=\"yoast-schema-graph\">{\"@context\":\"https:\\\/\\\/schema.org\",\"@graph\":[{\"@type\":\"WebPage\",\"@id\":\"https:\\\/\\\/alka4life.com\\\/producto\\\/alka-solution-max\\\/\",\"url\":\"https:\\\/\\\/alka4life.com\\\/producto\\\/alka-solution-max\\\/\",\"name\":\"ALKA SOLUTION-MAX - ALKA 4-LIFE\",\"isPartOf\":{\"@id\":\"https:\\\/\\\/alka4life.com\\\/#website\"},\"primaryImageOfPage\":{\"@id\":\"https:\\\/\\\/alka4life.com\\\/producto\\\/alka-solution-max\\\/#primaryimage\"},\"image\":{\"@id\":\"https:\\\/\\\/alka4life.com\\\/producto\\\/alka-solution-max\\\/#primaryimage\"},\"thumbnailUrl\":\"https:\\\/\\\/alka4life.com\\\/wp-content\\\/uploads\\\/2023\\\/08\\\/Flyers-ING-SPA-2-1.png\",\"datePublished\":\"2023-08-03T16:40:57+00:00\",\"dateModified\":\"2025-06-30T00:05:55+00:00\",\"breadcrumb\":{\"@id\":\"https:\\\/\\\/alka4life.com\\\/producto\\\/alka-solution-max\\\/#breadcrumb\"},\"inLanguage\":\"es\",\"potentialAction\":[{\"@type\":\"ReadAction\",\"target\":[\"https:\\\/\\\/alka4life.com\\\/producto\\\/alka-solution-max\\\/\"]}]},{\"@type\":\"ImageObject\",\"inLanguage\":\"es\",\"@id\":\"https:\\\/\\\/alka4life.com\\\/producto\\\/alka-solution-max\\\/#primaryimage\",\"url\":\"https:\\\/\\\/alka4life.com\\\/wp-content\\\/uploads\\\/2023\\\/08\\\/Flyers-ING-SPA-2-1.png\",\"contentUrl\":\"https:\\\/\\\/alka4life.com\\\/wp-content\\\/uploads\\\/2023\\\/08\\\/Flyers-ING-SPA-2-1.png\",\"width\":1222,\"height\":916},{\"@type\":\"BreadcrumbList\",\"@id\":\"https:\\\/\\\/alka4life.com\\\/producto\\\/alka-solution-max\\\/#breadcrumb\",\"itemListElement\":[{\"@type\":\"ListItem\",\"position\":1,\"name\":\"Home\",\"item\":\"https:\\\/\\\/alka4life.com\\\/\"},{\"@type\":\"ListItem\",\"position\":2,\"name\":\"Shop\",\"item\":\"https:\\\/\\\/alka4life.com\\\/es\\\/shop\\\/\"},{\"@type\":\"ListItem\",\"position\":3,\"name\":\"ALKA SOLUTION-MAX\"}]},{\"@type\":\"WebSite\",\"@id\":\"https:\\\/\\\/alka4life.com\\\/#website\",\"url\":\"https:\\\/\\\/alka4life.com\\\/\",\"name\":\"ALKA 4-LIFE IMPROVE YOUR LIFE\",\"description\":\"ALKALINE WATER SYSTEMS\",\"publisher\":{\"@id\":\"https:\\\/\\\/alka4life.com\\\/#organization\"},\"potentialAction\":[{\"@type\":\"SearchAction\",\"target\":{\"@type\":\"EntryPoint\",\"urlTemplate\":\"https:\\\/\\\/alka4life.com\\\/?s={search_term_string}\"},\"query-input\":{\"@type\":\"PropertyValueSpecification\",\"valueRequired\":true,\"valueName\":\"search_term_string\"}}],\"inLanguage\":\"es\"},{\"@type\":\"Organization\",\"@id\":\"https:\\\/\\\/alka4life.com\\\/#organization\",\"name\":\"ALKA 4-LIFE IMPROVE YOUR LIFE\",\"url\":\"https:\\\/\\\/alka4life.com\\\/\",\"logo\":{\"@type\":\"ImageObject\",\"inLanguage\":\"es\",\"@id\":\"https:\\\/\\\/alka4life.com\\\/#\\\/schema\\\/logo\\\/image\\\/\",\"url\":\"http:\\\/\\\/alka4life.com\\\/wp-content\\\/uploads\\\/2022\\\/06\\\/ALKA-4-LIFE-LOGO-web-333.png\",\"contentUrl\":\"http:\\\/\\\/alka4life.com\\\/wp-content\\\/uploads\\\/2022\\\/06\\\/ALKA-4-LIFE-LOGO-web-333.png\",\"width\":1338,\"height\":249,\"caption\":\"ALKA 4-LIFE IMPROVE YOUR LIFE\"},\"image\":{\"@id\":\"https:\\\/\\\/alka4life.com\\\/#\\\/schema\\\/logo\\\/image\\\/\"}}]}<\/script>\n<!-- \/ Yoast SEO plugin. -->","yoast_head_json":{"title":"ALKA SOLUTION-MAX - ALKA 4-LIFE","robots":{"index":"index","follow":"follow","max-snippet":"max-snippet:-1","max-image-preview":"max-image-preview:large","max-video-preview":"max-video-preview:-1"},"canonical":"https:\/\/alka4life.com\/es\/producto\/alka-solution-max\/","og_locale":"es_MX","og_type":"article","og_title":"ALKA SOLUTION-MAX - ALKA 4-LIFE","og_description":"AGUA alcalina para beber y cocinar y agua purificada para toda tu casa, es la soluci\u00f3n inteligente para tu familia. Cuando el agua pasa a trav\u00e9s de los filtros de este sistema, rompe los grupos de mol\u00e9culas de agua en grupos m\u00e1s peque\u00f1os. Esto hace que su cuerpo lo absorba m\u00e1s f\u00e1cilmente para que se [...]","og_url":"https:\/\/alka4life.com\/es\/producto\/alka-solution-max\/","og_site_name":"ALKA 4-LIFE","article_modified_time":"2025-06-30T00:05:55+00:00","og_image":[{"width":1222,"height":916,"url":"https:\/\/alka4life.com\/wp-content\/uploads\/2023\/08\/Flyers-ING-SPA-2-1.png","type":"image\/png"}],"twitter_card":"summary_large_image","twitter_misc":{"Tiempo de lectura":"2 minutos"},"schema":{"@context":"https:\/\/schema.org","@graph":[{"@type":"WebPage","@id":"https:\/\/alka4life.com\/producto\/alka-solution-max\/","url":"https:\/\/alka4life.com\/producto\/alka-solution-max\/","name":"ALKA SOLUTION-MAX - ALKA 4-LIFE","isPartOf":{"@id":"https:\/\/alka4life.com\/#website"},"primaryImageOfPage":{"@id":"https:\/\/alka4life.com\/producto\/alka-solution-max\/#primaryimage"},"image":{"@id":"https:\/\/alka4life.com\/producto\/alka-solution-max\/#primaryimage"},"thumbnailUrl":"https:\/\/alka4life.com\/wp-content\/uploads\/2023\/08\/Flyers-ING-SPA-2-1.png","datePublished":"2023-08-03T16:40:57+00:00","dateModified":"2025-06-30T00:05:55+00:00","breadcrumb":{"@id":"https:\/\/alka4life.com\/producto\/alka-solution-max\/#breadcrumb"},"inLanguage":"es","potentialAction":[{"@type":"ReadAction","target":["https:\/\/alka4life.com\/producto\/alka-solution-max\/"]}]},{"@type":"ImageObject","inLanguage":"es","@id":"https:\/\/alka4life.com\/producto\/alka-solution-max\/#primaryimage","url":"https:\/\/alka4life.com\/wp-content\/uploads\/2023\/08\/Flyers-ING-SPA-2-1.png","contentUrl":"https:\/\/alka4life.com\/wp-content\/uploads\/2023\/08\/Flyers-ING-SPA-2-1.png","width":1222,"height":916},{"@type":"BreadcrumbList","@id":"https:\/\/alka4life.com\/producto\/alka-solution-max\/#breadcrumb","itemListElement":[{"@type":"ListItem","position":1,"name":"Home","item":"https:\/\/alka4life.com\/"},{"@type":"ListItem","position":2,"name":"Shop","item":"https:\/\/alka4life.com\/es\/shop\/"},{"@type":"ListItem","position":3,"name":"ALKA SOLUTION-MAX"}]},{"@type":"WebSite","@id":"https:\/\/alka4life.com\/#website","url":"https:\/\/alka4life.com\/","name":"ALKA 4-LIFE IMPROVE YOUR LIFE","description":"ALKALINE WATER SYSTEMS","publisher":{"@id":"https:\/\/alka4life.com\/#organization"},"potentialAction":[{"@type":"SearchAction","target":{"@type":"EntryPoint","urlTemplate":"https:\/\/alka4life.com\/?s={search_term_string}"},"query-input":{"@type":"PropertyValueSpecification","valueRequired":true,"valueName":"search_term_string"}}],"inLanguage":"es"},{"@type":"Organization","@id":"https:\/\/alka4life.com\/#organization","name":"ALKA 4-LIFE IMPROVE YOUR LIFE","url":"https:\/\/alka4life.com\/","logo":{"@type":"ImageObject","inLanguage":"es","@id":"https:\/\/alka4life.com\/#\/schema\/logo\/image\/","url":"http:\/\/alka4life.com\/wp-content\/uploads\/2022\/06\/ALKA-4-LIFE-LOGO-web-333.png","contentUrl":"http:\/\/alka4life.com\/wp-content\/uploads\/2022\/06\/ALKA-4-LIFE-LOGO-web-333.png","width":1338,"height":249,"caption":"ALKA 4-LIFE IMPROVE YOUR LIFE"},"image":{"@id":"https:\/\/alka4life.com\/#\/schema\/logo\/image\/"}}]}},"jetpack_sharing_enabled":true,"_links":{"self":[{"href":"https:\/\/alka4life.com\/es\/wp-json\/wp\/v2\/product\/1167","targetHints":{"allow":["GET"]}}],"collection":[{"href":"https:\/\/alka4life.com\/es\/wp-json\/wp\/v2\/product"}],"about":[{"href":"https:\/\/alka4life.com\/es\/wp-json\/wp\/v2\/types\/product"}],"replies":[{"embeddable":true,"href":"https:\/\/alka4life.com\/es\/wp-json\/wp\/v2\/comments?post=1167"}],"wp:featuredmedia":[{"embeddable":true,"href":"https:\/\/alka4life.com\/es\/wp-json\/wp\/v2\/media\/1174"}],"wp:attachment":[{"href":"https:\/\/alka4life.com\/es\/wp-json\/wp\/v2\/media?parent=1167"}],"wp:term":[{"taxonomy":"product_brand","embeddable":true,"href":"https:\/\/alka4life.com\/es\/wp-json\/wp\/v2\/product_brand?post=1167"},{"taxonomy":"product_cat","embeddable":true,"href":"https:\/\/alka4life.com\/es\/wp-json\/wp\/v2\/product_cat?post=1167"},{"taxonomy":"product_tag","embeddable":true,"href":"https:\/\/alka4life.com\/es\/wp-json\/wp\/v2\/product_tag?post=1167"}],"curies":[{"name":"wp","href":"https:\/\/api.w.org\/{rel}","templated":true}]}}